{"id":296,"date":"2023-10-03T19:42:58","date_gmt":"2023-10-03T19:42:58","guid":{"rendered":"https:\/\/hontanar.edu.ec\/?page_id=296"},"modified":"2026-01-23T18:22:31","modified_gmt":"2026-01-23T18:22:31","slug":"bachillerato-internacional","status":"publish","type":"page","link":"https:\/\/hontanar.edu.ec\/en\/bachillerato-internacional\/","title":{"rendered":"International Bachelor"},"content":{"rendered":"<div data-elementor-type=\"wp-page\" data-elementor-id=\"296\" class=\"elementor elementor-296\" data-elementor-post-type=\"page\">\n\t\t\t\t<div class=\"elementor-element elementor-element-6ad2004 e-flex e-con-boxed e-con e-parent\" data-id=\"6ad2004\" data-element_type=\"container\" data-settings=\"{&quot;background_background&quot;:&quot;classic&quot;}\">\n\t\t\t\t\t<div class=\"e-con-inner\">\n\t\t\t\t<div class=\"elementor-element elementor-element-d21c3fb elementor-widget elementor-widget-heading\" data-id=\"d21c3fb\" data-element_type=\"widget\" data-widget_type=\"heading.default\">\n\t\t\t\t\t<h2 class=\"elementor-heading-title elementor-size-default\">INTERNATIONAL BACHELOR<\/h2>\t\t\t\t<\/div>\n\t\t\t\t\t<\/div>\n\t\t\t\t<\/div>\n\t\t<div class=\"elementor-element elementor-element-fd47931 e-flex e-con-boxed e-con e-parent\" data-id=\"fd47931\" data-element_type=\"container\">\n\t\t\t\t\t<div class=\"e-con-inner\">\n\t\t<div class=\"elementor-element elementor-element-1d392f2 e-con-full e-flex e-con e-child\" data-id=\"1d392f2\" data-element_type=\"container\">\n\t\t\t\t<div class=\"elementor-element elementor-element-6b7ba5e elementor-widget elementor-widget-text-editor\" data-id=\"6b7ba5e\" data-element_type=\"widget\" data-widget_type=\"text-editor.default\">\n\t\t\t\t\t\t\t\t\t<p>\u00bfWHAT IS AN INTERNATIONAL BACHELOR?<\/p><p>The International Baccalaureate (IB) is a globally recognized school system, whose objective is to provide a complete and challenging education that contributes to forming adults who are aware of themselves and the world around them.<\/p><p>Que sean agentes de construcci\u00f3n y de cambio a trav\u00e9s de la comunicaci\u00f3n intercultural, la comprensi\u00f3n y el respeto. Que se formen con mentalidad abierta e integridad y sean capaces de resolver los procesos de ingreso a cualquier universidad en el mundo.<\/p>\t\t\t\t\t\t\t\t<\/div>\n\t\t\t\t<\/div>\n\t\t<div class=\"elementor-element elementor-element-5a80a17 e-con-full e-flex e-con e-child\" data-id=\"5a80a17\" data-element_type=\"container\">\n\t\t\t\t<div class=\"elementor-element elementor-element-656f9a5 elementor-widget elementor-widget-image\" data-id=\"656f9a5\" data-element_type=\"widget\" data-widget_type=\"image.default\">\n\t\t\t\t\t\t\t\t\t\t\t\t\t\t\t<img fetchpriority=\"high\" decoding=\"async\" width=\"494\" height=\"485\" src=\"https:\/\/hontanar.edu.ec\/wp-content\/uploads\/2023\/10\/ib-world-school-logo-2-colour.webp\" class=\"attachment-large size-large wp-image-298\" alt=\"\" srcset=\"https:\/\/hontanar.edu.ec\/wp-content\/uploads\/2023\/10\/ib-world-school-logo-2-colour.webp 494w, https:\/\/hontanar.edu.ec\/wp-content\/uploads\/2023\/10\/ib-world-school-logo-2-colour-300x295.webp 300w, https:\/\/hontanar.edu.ec\/wp-content\/uploads\/2023\/10\/ib-world-school-logo-2-colour-12x12.webp 12w\" sizes=\"(max-width: 494px) 100vw, 494px\" \/>\t\t\t\t\t\t\t\t\t\t\t\t\t\t\t<\/div>\n\t\t\t\t<\/div>\n\t\t\t\t\t<\/div>\n\t\t\t\t<\/div>\n\t\t<div class=\"elementor-element elementor-element-9a47975 e-con-full e-flex e-con e-parent\" data-id=\"9a47975\" data-element_type=\"container\">\n\t\t\t\t<div class=\"elementor-element elementor-element-af8e143 elementor-widget elementor-widget-shortcode\" data-id=\"af8e143\" data-element_type=\"widget\" data-widget_type=\"shortcode.default\">\n\t\t\t\t\t\t\t<div class=\"elementor-shortcode\">\t\t<div data-elementor-type=\"container\" data-elementor-id=\"2973\" class=\"elementor elementor-2973\" data-elementor-post-type=\"elementor_library\">\n\t\t\t\t<div class=\"elementor-element elementor-element-440e5ee e-con-full elementor-hidden-mobile e-flex e-con e-parent\" data-id=\"440e5ee\" data-element_type=\"container\" data-settings=\"{&quot;background_background&quot;:&quot;classic&quot;,&quot;shape_divider_bottom&quot;:&quot;arrow&quot;,&quot;shape_divider_bottom_negative&quot;:&quot;yes&quot;}\">\n\t\t\t\t<div class=\"elementor-shape elementor-shape-bottom\" aria-hidden=\"true\" data-negative=\"true\">\n\t\t\t<svg xmlns=\"http:\/\/www.w3.org\/2000\/svg\" viewbox=\"0 0 700 10\" preserveaspectratio=\"none\">\n\t<path class=\"elementor-shape-fill\" d=\"M360 0L350 9.9 340 0 0 0 0 10 700 10 700 0\"\/>\n<\/svg>\t\t<\/div>\n\t\t<div class=\"elementor-element elementor-element-608db6cf e-con-full e-flex e-con e-child\" data-id=\"608db6cf\" data-element_type=\"container\" data-settings=\"{&quot;background_background&quot;:&quot;classic&quot;}\">\n\t\t\t\t<div class=\"elementor-element elementor-element-629e895e premium-floating-effects-yes elementor-widget elementor-widget-image\" data-id=\"629e895e\" data-element_type=\"widget\" id=\"caja-over-verde\" data-settings=\"{&quot;premium_fe_trigger&quot;:&quot;load&quot;,&quot;premium_fe_direction&quot;:&quot;alternate&quot;,&quot;premium_fe_loop&quot;:&quot;default&quot;,&quot;premium_fe_easing&quot;:&quot;easeInOutSine&quot;}\" data-widget_type=\"image.default\">\n\t\t\t\t\t\t\t\t\t\t\t\t\t\t\t<img decoding=\"async\" width=\"740\" height=\"500\" src=\"https:\/\/hontanar.edu.ec\/wp-content\/uploads\/2025\/11\/divisor4-2.webp\" class=\"attachment-full size-full wp-image-2969\" alt=\"\" srcset=\"https:\/\/hontanar.edu.ec\/wp-content\/uploads\/2025\/11\/divisor4-2.webp 740w, https:\/\/hontanar.edu.ec\/wp-content\/uploads\/2025\/11\/divisor4-2-18x12.webp 18w\" sizes=\"(max-width: 740px) 100vw, 740px\" \/>\t\t\t\t\t\t\t\t\t\t\t\t\t\t\t<\/div>\n\t\t\t\t<\/div>\n\t\t<div class=\"elementor-element elementor-element-10dcf451 e-con-full e-flex e-con e-child\" data-id=\"10dcf451\" data-element_type=\"container\" data-settings=\"{&quot;background_background&quot;:&quot;classic&quot;}\">\n\t\t\t\t<div class=\"elementor-element elementor-element-4f0e0b3c premium-floating-effects-yes elementor-widget elementor-widget-image\" data-id=\"4f0e0b3c\" data-element_type=\"widget\" data-settings=\"{&quot;premium_fe_trigger&quot;:&quot;load&quot;,&quot;premium_fe_direction&quot;:&quot;alternate&quot;,&quot;premium_fe_loop&quot;:&quot;default&quot;,&quot;premium_fe_easing&quot;:&quot;easeInOutSine&quot;}\" data-widget_type=\"image.default\">\n\t\t\t\t\t\t\t\t\t\t\t\t\t\t\t<img decoding=\"async\" width=\"741\" height=\"501\" src=\"https:\/\/hontanar.edu.ec\/wp-content\/uploads\/2025\/11\/divisor-1.webp\" class=\"attachment-full size-full wp-image-3137\" alt=\"\" srcset=\"https:\/\/hontanar.edu.ec\/wp-content\/uploads\/2025\/11\/divisor-1.webp 741w, https:\/\/hontanar.edu.ec\/wp-content\/uploads\/2025\/11\/divisor-1-18x12.webp 18w\" sizes=\"(max-width: 741px) 100vw, 741px\" \/>\t\t\t\t\t\t\t\t\t\t\t\t\t\t\t<\/div>\n\t\t\t\t<\/div>\n\t\t<div class=\"elementor-element elementor-element-797bd6af e-con-full e-flex e-con e-child\" data-id=\"797bd6af\" data-element_type=\"container\" data-settings=\"{&quot;background_background&quot;:&quot;classic&quot;}\">\n\t\t\t\t<div class=\"elementor-element elementor-element-15310732 premium-floating-effects-yes elementor-widget elementor-widget-image\" data-id=\"15310732\" data-element_type=\"widget\" data-settings=\"{&quot;premium_fe_trigger&quot;:&quot;load&quot;,&quot;premium_fe_direction&quot;:&quot;alternate&quot;,&quot;premium_fe_loop&quot;:&quot;default&quot;,&quot;premium_fe_easing&quot;:&quot;easeInOutSine&quot;}\" data-widget_type=\"image.default\">\n\t\t\t\t\t\t\t\t\t\t\t\t\t\t\t<img loading=\"lazy\" decoding=\"async\" width=\"740\" height=\"500\" src=\"https:\/\/hontanar.edu.ec\/wp-content\/uploads\/2025\/11\/divisor2.webp\" class=\"attachment-full size-full wp-image-2887\" alt=\"\" srcset=\"https:\/\/hontanar.edu.ec\/wp-content\/uploads\/2025\/11\/divisor2.webp 740w, https:\/\/hontanar.edu.ec\/wp-content\/uploads\/2025\/11\/divisor2-18x12.webp 18w\" sizes=\"(max-width: 740px) 100vw, 740px\" \/>\t\t\t\t\t\t\t\t\t\t\t\t\t\t\t<\/div>\n\t\t\t\t<\/div>\n\t\t<div class=\"elementor-element elementor-element-6a25dcd e-con-full e-flex e-con e-child\" data-id=\"6a25dcd\" data-element_type=\"container\" data-settings=\"{&quot;background_background&quot;:&quot;classic&quot;}\">\n\t\t\t\t<div class=\"elementor-element elementor-element-602b68b2 premium-floating-effects-yes elementor-widget elementor-widget-image\" data-id=\"602b68b2\" data-element_type=\"widget\" data-settings=\"{&quot;premium_fe_trigger&quot;:&quot;load&quot;,&quot;premium_fe_direction&quot;:&quot;alternate&quot;,&quot;premium_fe_loop&quot;:&quot;default&quot;,&quot;premium_fe_easing&quot;:&quot;easeInOutSine&quot;}\" data-widget_type=\"image.default\">\n\t\t\t\t\t\t\t\t\t\t\t\t\t\t\t<img loading=\"lazy\" decoding=\"async\" width=\"741\" height=\"501\" src=\"https:\/\/hontanar.edu.ec\/wp-content\/uploads\/2025\/11\/carreteBachillerato2.webp\" class=\"attachment-full size-full wp-image-3235\" alt=\"\" srcset=\"https:\/\/hontanar.edu.ec\/wp-content\/uploads\/2025\/11\/carreteBachillerato2.webp 741w, https:\/\/hontanar.edu.ec\/wp-content\/uploads\/2025\/11\/carreteBachillerato2-18x12.webp 18w\" sizes=\"(max-width: 741px) 100vw, 741px\" \/>\t\t\t\t\t\t\t\t\t\t\t\t\t\t\t<\/div>\n\t\t\t\t<\/div>\n\t\t\t\t<\/div>\n\t\t\t\t<\/div>\n\t\t<\/div>\n\t\t\t\t\t\t<\/div>\n\t\t\t\t<\/div>\n\t\t\t\t<\/div>","protected":false},"excerpt":{"rendered":"<p>BACHILLERATO INTERNACIONAL \u00bfQU\u00c9 ES EL BACHILLERATO INTERNACIONAL? El Bachillerato Internacional (BI) es un sistema escolar globalmente reconocido, cuyo objetivo es brindar una educaci\u00f3n completa y desafiante que contribuya a formar adultos conscientes de s\u00ed mismos y del mundo que les rodea. Que sean agentes de construcci\u00f3n y de cambio a trav\u00e9s de la comunicaci\u00f3n intercultural, [&hellip;]<\/p>\n","protected":false},"author":1,"featured_media":0,"parent":0,"menu_order":0,"comment_status":"closed","ping_status":"closed","template":"","meta":{"footnotes":""},"class_list":["post-296","page","type-page","status-publish","hentry"],"yoast_head":"<!-- This site is optimized with the Yoast SEO plugin v27.3 - https:\/\/yoast.com\/product\/yoast-seo-wordpress\/ -->\n<title>Bachillerato Internacional - Hontanar<\/title>\n<meta name=\"robots\" content=\"index, follow, max-snippet:-1, max-image-preview:large, max-video-preview:-1\" \/>\n<link rel=\"canonical\" href=\"https:\/\/hontanar.edu.ec\/en\/bachillerato-internacional\/\" \/>\n<meta property=\"og:locale\" content=\"en_US\" \/>\n<meta property=\"og:type\" content=\"article\" \/>\n<meta property=\"og:title\" content=\"Bachillerato Internacional - Hontanar\" \/>\n<meta property=\"og:description\" content=\"BACHILLERATO INTERNACIONAL \u00bfQU\u00c9 ES EL BACHILLERATO INTERNACIONAL? El Bachillerato Internacional (BI) es un sistema escolar globalmente reconocido, cuyo objetivo es brindar una educaci\u00f3n completa y desafiante que contribuya a formar adultos conscientes de s\u00ed mismos y del mundo que les rodea. Que sean agentes de construcci\u00f3n y de cambio a trav\u00e9s de la comunicaci\u00f3n intercultural, [&hellip;]\" \/>\n<meta property=\"og:url\" content=\"https:\/\/hontanar.edu.ec\/en\/bachillerato-internacional\/\" \/>\n<meta property=\"og:site_name\" content=\"Hontanar\" \/>\n<meta property=\"article:modified_time\" content=\"2026-01-23T18:22:31+00:00\" \/>\n<meta property=\"og:image\" content=\"https:\/\/hontanar.edu.ec\/wp-content\/uploads\/2023\/10\/ib-world-school-logo-2-colour.webp\" \/>\n\t<meta property=\"og:image:width\" content=\"494\" \/>\n\t<meta property=\"og:image:height\" content=\"485\" \/>\n\t<meta property=\"og:image:type\" content=\"image\/webp\" \/>\n<meta name=\"twitter:card\" content=\"summary_large_image\" \/>\n<meta name=\"twitter:label1\" content=\"Est. reading time\" \/>\n\t<meta name=\"twitter:data1\" content=\"2 minutes\" \/>\n<script type=\"application\/ld+json\" class=\"yoast-schema-graph\">{\"@context\":\"https:\\\/\\\/schema.org\",\"@graph\":[{\"@type\":\"WebPage\",\"@id\":\"https:\\\/\\\/hontanar.edu.ec\\\/bachillerato-internacional\\\/\",\"url\":\"https:\\\/\\\/hontanar.edu.ec\\\/bachillerato-internacional\\\/\",\"name\":\"Bachillerato Internacional - Hontanar\",\"isPartOf\":{\"@id\":\"https:\\\/\\\/hontanar.edu.ec\\\/#website\"},\"primaryImageOfPage\":{\"@id\":\"https:\\\/\\\/hontanar.edu.ec\\\/bachillerato-internacional\\\/#primaryimage\"},\"image\":{\"@id\":\"https:\\\/\\\/hontanar.edu.ec\\\/bachillerato-internacional\\\/#primaryimage\"},\"thumbnailUrl\":\"https:\\\/\\\/hontanar.edu.ec\\\/wp-content\\\/uploads\\\/2023\\\/10\\\/ib-world-school-logo-2-colour.webp\",\"datePublished\":\"2023-10-03T19:42:58+00:00\",\"dateModified\":\"2026-01-23T18:22:31+00:00\",\"breadcrumb\":{\"@id\":\"https:\\\/\\\/hontanar.edu.ec\\\/bachillerato-internacional\\\/#breadcrumb\"},\"inLanguage\":\"en-US\",\"potentialAction\":[{\"@type\":\"ReadAction\",\"target\":[\"https:\\\/\\\/hontanar.edu.ec\\\/bachillerato-internacional\\\/\"]}]},{\"@type\":\"ImageObject\",\"inLanguage\":\"en-US\",\"@id\":\"https:\\\/\\\/hontanar.edu.ec\\\/bachillerato-internacional\\\/#primaryimage\",\"url\":\"https:\\\/\\\/hontanar.edu.ec\\\/wp-content\\\/uploads\\\/2023\\\/10\\\/ib-world-school-logo-2-colour.webp\",\"contentUrl\":\"https:\\\/\\\/hontanar.edu.ec\\\/wp-content\\\/uploads\\\/2023\\\/10\\\/ib-world-school-logo-2-colour.webp\"},{\"@type\":\"BreadcrumbList\",\"@id\":\"https:\\\/\\\/hontanar.edu.ec\\\/bachillerato-internacional\\\/#breadcrumb\",\"itemListElement\":[{\"@type\":\"ListItem\",\"position\":1,\"name\":\"Portada\",\"item\":\"https:\\\/\\\/hontanar.edu.ec\\\/\"},{\"@type\":\"ListItem\",\"position\":2,\"name\":\"Bachillerato Internacional\"}]},{\"@type\":\"WebSite\",\"@id\":\"https:\\\/\\\/hontanar.edu.ec\\\/#website\",\"url\":\"https:\\\/\\\/hontanar.edu.ec\\\/\",\"name\":\"Hontanar\",\"description\":\"\",\"publisher\":{\"@id\":\"https:\\\/\\\/hontanar.edu.ec\\\/#organization\"},\"potentialAction\":[{\"@type\":\"SearchAction\",\"target\":{\"@type\":\"EntryPoint\",\"urlTemplate\":\"https:\\\/\\\/hontanar.edu.ec\\\/?s={search_term_string}\"},\"query-input\":{\"@type\":\"PropertyValueSpecification\",\"valueRequired\":true,\"valueName\":\"search_term_string\"}}],\"inLanguage\":\"en-US\"},{\"@type\":\"Organization\",\"@id\":\"https:\\\/\\\/hontanar.edu.ec\\\/#organization\",\"name\":\"Hontanar\",\"url\":\"https:\\\/\\\/hontanar.edu.ec\\\/\",\"logo\":{\"@type\":\"ImageObject\",\"inLanguage\":\"en-US\",\"@id\":\"https:\\\/\\\/hontanar.edu.ec\\\/#\\\/schema\\\/logo\\\/image\\\/\",\"url\":\"https:\\\/\\\/hontanar.edu.ec\\\/wp-content\\\/uploads\\\/2023\\\/09\\\/Logo-HONTANAR-INTERNET-338X100.webp\",\"contentUrl\":\"https:\\\/\\\/hontanar.edu.ec\\\/wp-content\\\/uploads\\\/2023\\\/09\\\/Logo-HONTANAR-INTERNET-338X100.webp\",\"width\":338,\"height\":100,\"caption\":\"Hontanar\"},\"image\":{\"@id\":\"https:\\\/\\\/hontanar.edu.ec\\\/#\\\/schema\\\/logo\\\/image\\\/\"}}]}<\/script>\n<!-- \/ Yoast SEO plugin. -->","yoast_head_json":{"title":"Bachillerato Internacional - Hontanar","robots":{"index":"index","follow":"follow","max-snippet":"max-snippet:-1","max-image-preview":"max-image-preview:large","max-video-preview":"max-video-preview:-1"},"canonical":"https:\/\/hontanar.edu.ec\/en\/bachillerato-internacional\/","og_locale":"en_US","og_type":"article","og_title":"Bachillerato Internacional - Hontanar","og_description":"BACHILLERATO INTERNACIONAL \u00bfQU\u00c9 ES EL BACHILLERATO INTERNACIONAL? El Bachillerato Internacional (BI) es un sistema escolar globalmente reconocido, cuyo objetivo es brindar una educaci\u00f3n completa y desafiante que contribuya a formar adultos conscientes de s\u00ed mismos y del mundo que les rodea. Que sean agentes de construcci\u00f3n y de cambio a trav\u00e9s de la comunicaci\u00f3n intercultural, [&hellip;]","og_url":"https:\/\/hontanar.edu.ec\/en\/bachillerato-internacional\/","og_site_name":"Hontanar","article_modified_time":"2026-01-23T18:22:31+00:00","og_image":[{"width":494,"height":485,"url":"https:\/\/hontanar.edu.ec\/wp-content\/uploads\/2023\/10\/ib-world-school-logo-2-colour.webp","type":"image\/webp"}],"twitter_card":"summary_large_image","twitter_misc":{"Est. reading time":"2 minutes"},"schema":{"@context":"https:\/\/schema.org","@graph":[{"@type":"WebPage","@id":"https:\/\/hontanar.edu.ec\/bachillerato-internacional\/","url":"https:\/\/hontanar.edu.ec\/bachillerato-internacional\/","name":"Bachillerato Internacional - Hontanar","isPartOf":{"@id":"https:\/\/hontanar.edu.ec\/#website"},"primaryImageOfPage":{"@id":"https:\/\/hontanar.edu.ec\/bachillerato-internacional\/#primaryimage"},"image":{"@id":"https:\/\/hontanar.edu.ec\/bachillerato-internacional\/#primaryimage"},"thumbnailUrl":"https:\/\/hontanar.edu.ec\/wp-content\/uploads\/2023\/10\/ib-world-school-logo-2-colour.webp","datePublished":"2023-10-03T19:42:58+00:00","dateModified":"2026-01-23T18:22:31+00:00","breadcrumb":{"@id":"https:\/\/hontanar.edu.ec\/bachillerato-internacional\/#breadcrumb"},"inLanguage":"en-US","potentialAction":[{"@type":"ReadAction","target":["https:\/\/hontanar.edu.ec\/bachillerato-internacional\/"]}]},{"@type":"ImageObject","inLanguage":"en-US","@id":"https:\/\/hontanar.edu.ec\/bachillerato-internacional\/#primaryimage","url":"https:\/\/hontanar.edu.ec\/wp-content\/uploads\/2023\/10\/ib-world-school-logo-2-colour.webp","contentUrl":"https:\/\/hontanar.edu.ec\/wp-content\/uploads\/2023\/10\/ib-world-school-logo-2-colour.webp"},{"@type":"BreadcrumbList","@id":"https:\/\/hontanar.edu.ec\/bachillerato-internacional\/#breadcrumb","itemListElement":[{"@type":"ListItem","position":1,"name":"Portada","item":"https:\/\/hontanar.edu.ec\/"},{"@type":"ListItem","position":2,"name":"Bachillerato Internacional"}]},{"@type":"WebSite","@id":"https:\/\/hontanar.edu.ec\/#website","url":"https:\/\/hontanar.edu.ec\/","name":"Hontanar","description":"","publisher":{"@id":"https:\/\/hontanar.edu.ec\/#organization"},"potentialAction":[{"@type":"SearchAction","target":{"@type":"EntryPoint","urlTemplate":"https:\/\/hontanar.edu.ec\/?s={search_term_string}"},"query-input":{"@type":"PropertyValueSpecification","valueRequired":true,"valueName":"search_term_string"}}],"inLanguage":"en-US"},{"@type":"Organization","@id":"https:\/\/hontanar.edu.ec\/#organization","name":"Hontanar","url":"https:\/\/hontanar.edu.ec\/","logo":{"@type":"ImageObject","inLanguage":"en-US","@id":"https:\/\/hontanar.edu.ec\/#\/schema\/logo\/image\/","url":"https:\/\/hontanar.edu.ec\/wp-content\/uploads\/2023\/09\/Logo-HONTANAR-INTERNET-338X100.webp","contentUrl":"https:\/\/hontanar.edu.ec\/wp-content\/uploads\/2023\/09\/Logo-HONTANAR-INTERNET-338X100.webp","width":338,"height":100,"caption":"Hontanar"},"image":{"@id":"https:\/\/hontanar.edu.ec\/#\/schema\/logo\/image\/"}}]}},"_links":{"self":[{"href":"https:\/\/hontanar.edu.ec\/en\/wp-json\/wp\/v2\/pages\/296","targetHints":{"allow":["GET"]}}],"collection":[{"href":"https:\/\/hontanar.edu.ec\/en\/wp-json\/wp\/v2\/pages"}],"about":[{"href":"https:\/\/hontanar.edu.ec\/en\/wp-json\/wp\/v2\/types\/page"}],"author":[{"embeddable":true,"href":"https:\/\/hontanar.edu.ec\/en\/wp-json\/wp\/v2\/users\/1"}],"replies":[{"embeddable":true,"href":"https:\/\/hontanar.edu.ec\/en\/wp-json\/wp\/v2\/comments?post=296"}],"version-history":[{"count":31,"href":"https:\/\/hontanar.edu.ec\/en\/wp-json\/wp\/v2\/pages\/296\/revisions"}],"predecessor-version":[{"id":3168,"href":"https:\/\/hontanar.edu.ec\/en\/wp-json\/wp\/v2\/pages\/296\/revisions\/3168"}],"wp:attachment":[{"href":"https:\/\/hontanar.edu.ec\/en\/wp-json\/wp\/v2\/media?parent=296"}],"curies":[{"name":"wp","href":"https:\/\/api.w.org\/{rel}","templated":true}]}}