{"id":335,"date":"2023-10-03T20:15:27","date_gmt":"2023-10-03T20:15:27","guid":{"rendered":"https:\/\/hontanar.edu.ec\/?page_id=335"},"modified":"2026-01-29T21:28:06","modified_gmt":"2026-01-29T21:28:06","slug":"superior-y-bachillerato","status":"publish","type":"page","link":"https:\/\/hontanar.edu.ec\/en\/superior-y-bachillerato\/","title":{"rendered":"High School"},"content":{"rendered":"<div data-elementor-type=\"wp-page\" data-elementor-id=\"335\" class=\"elementor elementor-335\" data-elementor-post-type=\"page\">\n\t\t\t\t<div class=\"elementor-element elementor-element-6ad2004 e-flex e-con-boxed e-con e-parent\" data-id=\"6ad2004\" data-element_type=\"container\" data-settings=\"{&quot;background_background&quot;:&quot;classic&quot;}\">\n\t\t\t\t\t<div class=\"e-con-inner\">\n\t\t\t\t<div class=\"elementor-element elementor-element-d21c3fb elementor-widget elementor-widget-heading\" data-id=\"d21c3fb\" data-element_type=\"widget\" data-widget_type=\"heading.default\">\n\t\t\t\t\t<h2 class=\"elementor-heading-title elementor-size-default\">HIGHER AND BACHELOR'S DEGREE<\/h2>\t\t\t\t<\/div>\n\t\t\t\t\t<\/div>\n\t\t\t\t<\/div>\n\t\t<div class=\"elementor-element elementor-element-fd47931 e-flex e-con-boxed e-con e-parent\" data-id=\"fd47931\" data-element_type=\"container\">\n\t\t\t\t\t<div class=\"e-con-inner\">\n\t\t<div class=\"elementor-element elementor-element-1d392f2 e-con-full e-flex e-con e-child\" data-id=\"1d392f2\" data-element_type=\"container\">\n\t\t\t\t<div class=\"elementor-element elementor-element-6b7ba5e elementor-widget elementor-widget-text-editor\" data-id=\"6b7ba5e\" data-element_type=\"widget\" data-widget_type=\"text-editor.default\">\n\t\t\t\t\t\t\t\t\t<p>Higher Basic and Baccalaureate continue with the training process developed by the previous levels and direct their actions towards the formation of upright, responsible, creative, and self-confident leaders.<\/p><p>Our high school graduates, thanks to their training, have successfully entered university and work environments.<\/p>\t\t\t\t\t\t\t\t<\/div>\n\t\t\t\t<\/div>\n\t\t<div class=\"elementor-element elementor-element-5a80a17 e-con-full e-flex e-con e-child\" data-id=\"5a80a17\" data-element_type=\"container\">\n\t\t\t\t<div class=\"elementor-element elementor-element-656f9a5 elementor-widget elementor-widget-image\" data-id=\"656f9a5\" data-element_type=\"widget\" data-widget_type=\"image.default\">\n\t\t\t\t\t\t\t\t\t\t\t\t\t\t\t<img fetchpriority=\"high\" decoding=\"async\" width=\"1600\" height=\"1066\" src=\"https:\/\/hontanar.edu.ec\/wp-content\/uploads\/2026\/01\/bachiller1.webp\" class=\"attachment-large size-large wp-image-3254\" alt=\"\" srcset=\"https:\/\/hontanar.edu.ec\/wp-content\/uploads\/2026\/01\/bachiller1.webp 1600w, https:\/\/hontanar.edu.ec\/wp-content\/uploads\/2026\/01\/bachiller1-768x512.webp 768w, https:\/\/hontanar.edu.ec\/wp-content\/uploads\/2026\/01\/bachiller1-1536x1023.webp 1536w, https:\/\/hontanar.edu.ec\/wp-content\/uploads\/2026\/01\/bachiller1-18x12.webp 18w\" sizes=\"(max-width: 1600px) 100vw, 1600px\" \/>\t\t\t\t\t\t\t\t\t\t\t\t\t\t\t<\/div>\n\t\t\t\t<\/div>\n\t\t\t\t\t<\/div>\n\t\t\t\t<\/div>\n\t\t<div class=\"elementor-element elementor-element-4f92138 e-flex e-con-boxed e-con e-parent\" data-id=\"4f92138\" data-element_type=\"container\" data-settings=\"{&quot;background_background&quot;:&quot;classic&quot;}\">\n\t\t\t\t\t<div class=\"e-con-inner\">\n\t\t<div class=\"elementor-element elementor-element-3712f9f e-con-full e-flex e-con e-child\" data-id=\"3712f9f\" data-element_type=\"container\">\n\t\t\t\t<div class=\"elementor-element elementor-element-185c0a8 elementor-widget elementor-widget-spacer\" data-id=\"185c0a8\" data-element_type=\"widget\" data-widget_type=\"spacer.default\">\n\t\t\t\t\t\t\t<div class=\"elementor-spacer\">\n\t\t\t<div class=\"elementor-spacer-inner\"><\/div>\n\t\t<\/div>\n\t\t\t\t\t\t<\/div>\n\t\t\t\t<\/div>\n\t\t<div class=\"elementor-element elementor-element-699a862 e-con-full e-flex e-con e-child\" data-id=\"699a862\" data-element_type=\"container\" data-settings=\"{&quot;background_background&quot;:&quot;classic&quot;}\">\n\t\t\t\t<div class=\"elementor-element elementor-element-5823408 elementor-widget elementor-widget-text-editor\" data-id=\"5823408\" data-element_type=\"widget\" data-widget_type=\"text-editor.default\">\n\t\t\t\t\t\t\t\t\t<p>\u00bfWhat do we look for in our daily work?<\/p><ul><li>Strengthen ethical principles that, within the framework of an emotionally rich coexistence, allow the full development of personality.<\/li><li>Train people capable of interacting respectfully and harmoniously, contributing to group work and developing cooperative rather than competitive tendencies.<\/li><li>Promote the ability to analyze and interpret different social, economic, political and cultural phenomena.<\/li><li>Develop creativity, initiative and research.<\/li><li>Improve the command of English developed in the previous stages and prepare students to take an international proficiency test in that language in 2\u00baBCH.<\/li><li>Consolidate the acquisition of autonomy, independence, responsibility and work habits.<\/li><li>Cultivate sensitivity and taste for art as a primary source of human expression, through the formation of musical bands and dance groups; the development of the plastic arts; the staging of plays; holding essay, story and poetry contests; participation in film-forums, etc.<\/li><li>Practice sports and recreational activities.<\/li><li>For this we have soccer, volleyball, basketball fields and green spaces ideal for student recreation.<\/li><li>Promote warm and close communication with parents in pursuit of effective coordination for the benefit of students.<\/li><\/ul>\t\t\t\t\t\t\t\t<\/div>\n\t\t\t\t<\/div>\n\t\t\t\t\t<\/div>\n\t\t\t\t<\/div>\n\t\t<div class=\"elementor-element elementor-element-4b033fc e-con-full e-flex e-con e-parent\" data-id=\"4b033fc\" data-element_type=\"container\">\n\t\t\t\t<div class=\"elementor-element elementor-element-5414042 elementor-widget elementor-widget-shortcode\" data-id=\"5414042\" data-element_type=\"widget\" data-widget_type=\"shortcode.default\">\n\t\t\t\t\t\t\t<div class=\"elementor-shortcode\">\t\t<div data-elementor-type=\"container\" data-elementor-id=\"2973\" class=\"elementor elementor-2973\" data-elementor-post-type=\"elementor_library\">\n\t\t\t\t<div class=\"elementor-element elementor-element-440e5ee e-con-full elementor-hidden-mobile e-flex e-con e-parent\" data-id=\"440e5ee\" data-element_type=\"container\" data-settings=\"{&quot;background_background&quot;:&quot;classic&quot;,&quot;shape_divider_bottom&quot;:&quot;arrow&quot;,&quot;shape_divider_bottom_negative&quot;:&quot;yes&quot;}\">\n\t\t\t\t<div class=\"elementor-shape elementor-shape-bottom\" aria-hidden=\"true\" data-negative=\"true\">\n\t\t\t<svg xmlns=\"http:\/\/www.w3.org\/2000\/svg\" viewbox=\"0 0 700 10\" preserveaspectratio=\"none\">\n\t<path class=\"elementor-shape-fill\" d=\"M360 0L350 9.9 340 0 0 0 0 10 700 10 700 0\"\/>\n<\/svg>\t\t<\/div>\n\t\t<div class=\"elementor-element elementor-element-608db6cf e-con-full e-flex e-con e-child\" data-id=\"608db6cf\" data-element_type=\"container\" data-settings=\"{&quot;background_background&quot;:&quot;classic&quot;}\">\n\t\t\t\t<div class=\"elementor-element elementor-element-629e895e premium-floating-effects-yes elementor-widget elementor-widget-image\" data-id=\"629e895e\" data-element_type=\"widget\" id=\"caja-over-verde\" data-settings=\"{&quot;premium_fe_trigger&quot;:&quot;load&quot;,&quot;premium_fe_direction&quot;:&quot;alternate&quot;,&quot;premium_fe_loop&quot;:&quot;default&quot;,&quot;premium_fe_easing&quot;:&quot;easeInOutSine&quot;}\" data-widget_type=\"image.default\">\n\t\t\t\t\t\t\t\t\t\t\t\t\t\t\t<img decoding=\"async\" width=\"740\" height=\"500\" src=\"https:\/\/hontanar.edu.ec\/wp-content\/uploads\/2025\/11\/divisor4-2.webp\" class=\"attachment-full size-full wp-image-2969\" alt=\"\" srcset=\"https:\/\/hontanar.edu.ec\/wp-content\/uploads\/2025\/11\/divisor4-2.webp 740w, https:\/\/hontanar.edu.ec\/wp-content\/uploads\/2025\/11\/divisor4-2-18x12.webp 18w\" sizes=\"(max-width: 740px) 100vw, 740px\" \/>\t\t\t\t\t\t\t\t\t\t\t\t\t\t\t<\/div>\n\t\t\t\t<\/div>\n\t\t<div class=\"elementor-element elementor-element-10dcf451 e-con-full e-flex e-con e-child\" data-id=\"10dcf451\" data-element_type=\"container\" data-settings=\"{&quot;background_background&quot;:&quot;classic&quot;}\">\n\t\t\t\t<div class=\"elementor-element elementor-element-4f0e0b3c premium-floating-effects-yes elementor-widget elementor-widget-image\" data-id=\"4f0e0b3c\" data-element_type=\"widget\" data-settings=\"{&quot;premium_fe_trigger&quot;:&quot;load&quot;,&quot;premium_fe_direction&quot;:&quot;alternate&quot;,&quot;premium_fe_loop&quot;:&quot;default&quot;,&quot;premium_fe_easing&quot;:&quot;easeInOutSine&quot;}\" data-widget_type=\"image.default\">\n\t\t\t\t\t\t\t\t\t\t\t\t\t\t\t<img decoding=\"async\" width=\"741\" height=\"501\" src=\"https:\/\/hontanar.edu.ec\/wp-content\/uploads\/2025\/11\/divisor-1.webp\" class=\"attachment-full size-full wp-image-3137\" alt=\"\" srcset=\"https:\/\/hontanar.edu.ec\/wp-content\/uploads\/2025\/11\/divisor-1.webp 741w, https:\/\/hontanar.edu.ec\/wp-content\/uploads\/2025\/11\/divisor-1-18x12.webp 18w\" sizes=\"(max-width: 741px) 100vw, 741px\" \/>\t\t\t\t\t\t\t\t\t\t\t\t\t\t\t<\/div>\n\t\t\t\t<\/div>\n\t\t<div class=\"elementor-element elementor-element-797bd6af e-con-full e-flex e-con e-child\" data-id=\"797bd6af\" data-element_type=\"container\" data-settings=\"{&quot;background_background&quot;:&quot;classic&quot;}\">\n\t\t\t\t<div class=\"elementor-element elementor-element-15310732 premium-floating-effects-yes elementor-widget elementor-widget-image\" data-id=\"15310732\" data-element_type=\"widget\" data-settings=\"{&quot;premium_fe_trigger&quot;:&quot;load&quot;,&quot;premium_fe_direction&quot;:&quot;alternate&quot;,&quot;premium_fe_loop&quot;:&quot;default&quot;,&quot;premium_fe_easing&quot;:&quot;easeInOutSine&quot;}\" data-widget_type=\"image.default\">\n\t\t\t\t\t\t\t\t\t\t\t\t\t\t\t<img loading=\"lazy\" decoding=\"async\" width=\"740\" height=\"500\" src=\"https:\/\/hontanar.edu.ec\/wp-content\/uploads\/2025\/11\/divisor2.webp\" class=\"attachment-full size-full wp-image-2887\" alt=\"\" srcset=\"https:\/\/hontanar.edu.ec\/wp-content\/uploads\/2025\/11\/divisor2.webp 740w, https:\/\/hontanar.edu.ec\/wp-content\/uploads\/2025\/11\/divisor2-18x12.webp 18w\" sizes=\"(max-width: 740px) 100vw, 740px\" \/>\t\t\t\t\t\t\t\t\t\t\t\t\t\t\t<\/div>\n\t\t\t\t<\/div>\n\t\t<div class=\"elementor-element elementor-element-6a25dcd e-con-full e-flex e-con e-child\" data-id=\"6a25dcd\" data-element_type=\"container\" data-settings=\"{&quot;background_background&quot;:&quot;classic&quot;}\">\n\t\t\t\t<div class=\"elementor-element elementor-element-602b68b2 premium-floating-effects-yes elementor-widget elementor-widget-image\" data-id=\"602b68b2\" data-element_type=\"widget\" data-settings=\"{&quot;premium_fe_trigger&quot;:&quot;load&quot;,&quot;premium_fe_direction&quot;:&quot;alternate&quot;,&quot;premium_fe_loop&quot;:&quot;default&quot;,&quot;premium_fe_easing&quot;:&quot;easeInOutSine&quot;}\" data-widget_type=\"image.default\">\n\t\t\t\t\t\t\t\t\t\t\t\t\t\t\t<img loading=\"lazy\" decoding=\"async\" width=\"741\" height=\"501\" src=\"https:\/\/hontanar.edu.ec\/wp-content\/uploads\/2025\/11\/carreteBachillerato2.webp\" class=\"attachment-full size-full wp-image-3235\" alt=\"\" srcset=\"https:\/\/hontanar.edu.ec\/wp-content\/uploads\/2025\/11\/carreteBachillerato2.webp 741w, https:\/\/hontanar.edu.ec\/wp-content\/uploads\/2025\/11\/carreteBachillerato2-18x12.webp 18w\" sizes=\"(max-width: 741px) 100vw, 741px\" \/>\t\t\t\t\t\t\t\t\t\t\t\t\t\t\t<\/div>\n\t\t\t\t<\/div>\n\t\t\t\t<\/div>\n\t\t\t\t<\/div>\n\t\t<\/div>\n\t\t\t\t\t\t<\/div>\n\t\t\t\t<\/div>\n\t\t\t\t<\/div>","protected":false},"excerpt":{"rendered":"<p>SUPERIOR Y BACHILLERATO B\u00e1sica Superior y Bachillerato contin\u00faan con el proceso formativo desarrollado por los niveles anteriores y orientan sus acciones a la formaci\u00f3n de l\u00edderes \u00edntegros, responsables, creativos y seguros de s\u00ed mismos. Nuestros bachilleres, gracias a su formaci\u00f3n, se han insertado exitosamente en medios universitarios y laborales. \u00bfQu\u00e9 buscamos con nuestro trabajo diario? [&hellip;]<\/p>\n","protected":false},"author":1,"featured_media":0,"parent":0,"menu_order":0,"comment_status":"closed","ping_status":"closed","template":"","meta":{"footnotes":""},"class_list":["post-335","page","type-page","status-publish","hentry"],"yoast_head":"<!-- This site is optimized with the Yoast SEO plugin v27.3 - https:\/\/yoast.com\/product\/yoast-seo-wordpress\/ -->\n<title>Superior y Bachillerato - Hontanar<\/title>\n<meta name=\"robots\" content=\"index, follow, max-snippet:-1, max-image-preview:large, max-video-preview:-1\" \/>\n<link rel=\"canonical\" href=\"https:\/\/hontanar.edu.ec\/en\/superior-y-bachillerato\/\" \/>\n<meta property=\"og:locale\" content=\"en_US\" \/>\n<meta property=\"og:type\" content=\"article\" \/>\n<meta property=\"og:title\" content=\"Superior y Bachillerato - Hontanar\" \/>\n<meta property=\"og:description\" content=\"SUPERIOR Y BACHILLERATO B\u00e1sica Superior y Bachillerato contin\u00faan con el proceso formativo desarrollado por los niveles anteriores y orientan sus acciones a la formaci\u00f3n de l\u00edderes \u00edntegros, responsables, creativos y seguros de s\u00ed mismos. Nuestros bachilleres, gracias a su formaci\u00f3n, se han insertado exitosamente en medios universitarios y laborales. \u00bfQu\u00e9 buscamos con nuestro trabajo diario? [&hellip;]\" \/>\n<meta property=\"og:url\" content=\"https:\/\/hontanar.edu.ec\/en\/superior-y-bachillerato\/\" \/>\n<meta property=\"og:site_name\" content=\"Hontanar\" \/>\n<meta property=\"article:modified_time\" content=\"2026-01-29T21:28:06+00:00\" \/>\n<meta property=\"og:image\" content=\"https:\/\/hontanar.edu.ec\/wp-content\/uploads\/2026\/01\/bachiller1.webp\" \/>\n<meta name=\"twitter:card\" content=\"summary_large_image\" \/>\n<meta name=\"twitter:label1\" content=\"Est. reading time\" \/>\n\t<meta name=\"twitter:data1\" content=\"3 minutes\" \/>\n<script type=\"application\/ld+json\" class=\"yoast-schema-graph\">{\"@context\":\"https:\\\/\\\/schema.org\",\"@graph\":[{\"@type\":\"WebPage\",\"@id\":\"https:\\\/\\\/hontanar.edu.ec\\\/superior-y-bachillerato\\\/\",\"url\":\"https:\\\/\\\/hontanar.edu.ec\\\/superior-y-bachillerato\\\/\",\"name\":\"Superior y Bachillerato - Hontanar\",\"isPartOf\":{\"@id\":\"https:\\\/\\\/hontanar.edu.ec\\\/#website\"},\"primaryImageOfPage\":{\"@id\":\"https:\\\/\\\/hontanar.edu.ec\\\/superior-y-bachillerato\\\/#primaryimage\"},\"image\":{\"@id\":\"https:\\\/\\\/hontanar.edu.ec\\\/superior-y-bachillerato\\\/#primaryimage\"},\"thumbnailUrl\":\"https:\\\/\\\/hontanar.edu.ec\\\/wp-content\\\/uploads\\\/2026\\\/01\\\/bachiller1.webp\",\"datePublished\":\"2023-10-03T20:15:27+00:00\",\"dateModified\":\"2026-01-29T21:28:06+00:00\",\"breadcrumb\":{\"@id\":\"https:\\\/\\\/hontanar.edu.ec\\\/superior-y-bachillerato\\\/#breadcrumb\"},\"inLanguage\":\"en-US\",\"potentialAction\":[{\"@type\":\"ReadAction\",\"target\":[\"https:\\\/\\\/hontanar.edu.ec\\\/superior-y-bachillerato\\\/\"]}]},{\"@type\":\"ImageObject\",\"inLanguage\":\"en-US\",\"@id\":\"https:\\\/\\\/hontanar.edu.ec\\\/superior-y-bachillerato\\\/#primaryimage\",\"url\":\"https:\\\/\\\/hontanar.edu.ec\\\/wp-content\\\/uploads\\\/2026\\\/01\\\/bachiller1.webp\",\"contentUrl\":\"https:\\\/\\\/hontanar.edu.ec\\\/wp-content\\\/uploads\\\/2026\\\/01\\\/bachiller1.webp\"},{\"@type\":\"BreadcrumbList\",\"@id\":\"https:\\\/\\\/hontanar.edu.ec\\\/superior-y-bachillerato\\\/#breadcrumb\",\"itemListElement\":[{\"@type\":\"ListItem\",\"position\":1,\"name\":\"Portada\",\"item\":\"https:\\\/\\\/hontanar.edu.ec\\\/\"},{\"@type\":\"ListItem\",\"position\":2,\"name\":\"Superior y Bachillerato\"}]},{\"@type\":\"WebSite\",\"@id\":\"https:\\\/\\\/hontanar.edu.ec\\\/#website\",\"url\":\"https:\\\/\\\/hontanar.edu.ec\\\/\",\"name\":\"Hontanar\",\"description\":\"\",\"publisher\":{\"@id\":\"https:\\\/\\\/hontanar.edu.ec\\\/#organization\"},\"potentialAction\":[{\"@type\":\"SearchAction\",\"target\":{\"@type\":\"EntryPoint\",\"urlTemplate\":\"https:\\\/\\\/hontanar.edu.ec\\\/?s={search_term_string}\"},\"query-input\":{\"@type\":\"PropertyValueSpecification\",\"valueRequired\":true,\"valueName\":\"search_term_string\"}}],\"inLanguage\":\"en-US\"},{\"@type\":\"Organization\",\"@id\":\"https:\\\/\\\/hontanar.edu.ec\\\/#organization\",\"name\":\"Hontanar\",\"url\":\"https:\\\/\\\/hontanar.edu.ec\\\/\",\"logo\":{\"@type\":\"ImageObject\",\"inLanguage\":\"en-US\",\"@id\":\"https:\\\/\\\/hontanar.edu.ec\\\/#\\\/schema\\\/logo\\\/image\\\/\",\"url\":\"https:\\\/\\\/hontanar.edu.ec\\\/wp-content\\\/uploads\\\/2023\\\/09\\\/Logo-HONTANAR-INTERNET-338X100.webp\",\"contentUrl\":\"https:\\\/\\\/hontanar.edu.ec\\\/wp-content\\\/uploads\\\/2023\\\/09\\\/Logo-HONTANAR-INTERNET-338X100.webp\",\"width\":338,\"height\":100,\"caption\":\"Hontanar\"},\"image\":{\"@id\":\"https:\\\/\\\/hontanar.edu.ec\\\/#\\\/schema\\\/logo\\\/image\\\/\"}}]}<\/script>\n<!-- \/ Yoast SEO plugin. -->","yoast_head_json":{"title":"Superior y Bachillerato - Hontanar","robots":{"index":"index","follow":"follow","max-snippet":"max-snippet:-1","max-image-preview":"max-image-preview:large","max-video-preview":"max-video-preview:-1"},"canonical":"https:\/\/hontanar.edu.ec\/en\/superior-y-bachillerato\/","og_locale":"en_US","og_type":"article","og_title":"Superior y Bachillerato - Hontanar","og_description":"SUPERIOR Y BACHILLERATO B\u00e1sica Superior y Bachillerato contin\u00faan con el proceso formativo desarrollado por los niveles anteriores y orientan sus acciones a la formaci\u00f3n de l\u00edderes \u00edntegros, responsables, creativos y seguros de s\u00ed mismos. Nuestros bachilleres, gracias a su formaci\u00f3n, se han insertado exitosamente en medios universitarios y laborales. \u00bfQu\u00e9 buscamos con nuestro trabajo diario? [&hellip;]","og_url":"https:\/\/hontanar.edu.ec\/en\/superior-y-bachillerato\/","og_site_name":"Hontanar","article_modified_time":"2026-01-29T21:28:06+00:00","og_image":[{"url":"https:\/\/hontanar.edu.ec\/wp-content\/uploads\/2026\/01\/bachiller1.webp","type":"","width":"","height":""}],"twitter_card":"summary_large_image","twitter_misc":{"Est. reading time":"3 minutes"},"schema":{"@context":"https:\/\/schema.org","@graph":[{"@type":"WebPage","@id":"https:\/\/hontanar.edu.ec\/superior-y-bachillerato\/","url":"https:\/\/hontanar.edu.ec\/superior-y-bachillerato\/","name":"Superior y Bachillerato - Hontanar","isPartOf":{"@id":"https:\/\/hontanar.edu.ec\/#website"},"primaryImageOfPage":{"@id":"https:\/\/hontanar.edu.ec\/superior-y-bachillerato\/#primaryimage"},"image":{"@id":"https:\/\/hontanar.edu.ec\/superior-y-bachillerato\/#primaryimage"},"thumbnailUrl":"https:\/\/hontanar.edu.ec\/wp-content\/uploads\/2026\/01\/bachiller1.webp","datePublished":"2023-10-03T20:15:27+00:00","dateModified":"2026-01-29T21:28:06+00:00","breadcrumb":{"@id":"https:\/\/hontanar.edu.ec\/superior-y-bachillerato\/#breadcrumb"},"inLanguage":"en-US","potentialAction":[{"@type":"ReadAction","target":["https:\/\/hontanar.edu.ec\/superior-y-bachillerato\/"]}]},{"@type":"ImageObject","inLanguage":"en-US","@id":"https:\/\/hontanar.edu.ec\/superior-y-bachillerato\/#primaryimage","url":"https:\/\/hontanar.edu.ec\/wp-content\/uploads\/2026\/01\/bachiller1.webp","contentUrl":"https:\/\/hontanar.edu.ec\/wp-content\/uploads\/2026\/01\/bachiller1.webp"},{"@type":"BreadcrumbList","@id":"https:\/\/hontanar.edu.ec\/superior-y-bachillerato\/#breadcrumb","itemListElement":[{"@type":"ListItem","position":1,"name":"Portada","item":"https:\/\/hontanar.edu.ec\/"},{"@type":"ListItem","position":2,"name":"Superior y Bachillerato"}]},{"@type":"WebSite","@id":"https:\/\/hontanar.edu.ec\/#website","url":"https:\/\/hontanar.edu.ec\/","name":"Hontanar","description":"","publisher":{"@id":"https:\/\/hontanar.edu.ec\/#organization"},"potentialAction":[{"@type":"SearchAction","target":{"@type":"EntryPoint","urlTemplate":"https:\/\/hontanar.edu.ec\/?s={search_term_string}"},"query-input":{"@type":"PropertyValueSpecification","valueRequired":true,"valueName":"search_term_string"}}],"inLanguage":"en-US"},{"@type":"Organization","@id":"https:\/\/hontanar.edu.ec\/#organization","name":"Hontanar","url":"https:\/\/hontanar.edu.ec\/","logo":{"@type":"ImageObject","inLanguage":"en-US","@id":"https:\/\/hontanar.edu.ec\/#\/schema\/logo\/image\/","url":"https:\/\/hontanar.edu.ec\/wp-content\/uploads\/2023\/09\/Logo-HONTANAR-INTERNET-338X100.webp","contentUrl":"https:\/\/hontanar.edu.ec\/wp-content\/uploads\/2023\/09\/Logo-HONTANAR-INTERNET-338X100.webp","width":338,"height":100,"caption":"Hontanar"},"image":{"@id":"https:\/\/hontanar.edu.ec\/#\/schema\/logo\/image\/"}}]}},"_links":{"self":[{"href":"https:\/\/hontanar.edu.ec\/en\/wp-json\/wp\/v2\/pages\/335","targetHints":{"allow":["GET"]}}],"collection":[{"href":"https:\/\/hontanar.edu.ec\/en\/wp-json\/wp\/v2\/pages"}],"about":[{"href":"https:\/\/hontanar.edu.ec\/en\/wp-json\/wp\/v2\/types\/page"}],"author":[{"embeddable":true,"href":"https:\/\/hontanar.edu.ec\/en\/wp-json\/wp\/v2\/users\/1"}],"replies":[{"embeddable":true,"href":"https:\/\/hontanar.edu.ec\/en\/wp-json\/wp\/v2\/comments?post=335"}],"version-history":[{"count":31,"href":"https:\/\/hontanar.edu.ec\/en\/wp-json\/wp\/v2\/pages\/335\/revisions"}],"predecessor-version":[{"id":3258,"href":"https:\/\/hontanar.edu.ec\/en\/wp-json\/wp\/v2\/pages\/335\/revisions\/3258"}],"wp:attachment":[{"href":"https:\/\/hontanar.edu.ec\/en\/wp-json\/wp\/v2\/media?parent=335"}],"curies":[{"name":"wp","href":"https:\/\/api.w.org\/{rel}","templated":true}]}}