{"id":346,"date":"2023-10-03T20:26:16","date_gmt":"2023-10-03T20:26:16","guid":{"rendered":"https:\/\/hontanar.edu.ec\/?page_id=346"},"modified":"2026-01-29T17:18:57","modified_gmt":"2026-01-29T17:18:57","slug":"admisiones","status":"publish","type":"page","link":"https:\/\/hontanar.edu.ec\/en\/admisiones\/","title":{"rendered":"Admisions"},"content":{"rendered":"<div data-elementor-type=\"wp-page\" data-elementor-id=\"346\" class=\"elementor elementor-346\" data-elementor-post-type=\"page\">\n\t\t\t\t<div class=\"elementor-element elementor-element-6ad2004 e-flex e-con-boxed e-con e-parent\" data-id=\"6ad2004\" data-element_type=\"container\" data-settings=\"{&quot;background_background&quot;:&quot;classic&quot;}\">\n\t\t\t\t\t<div class=\"e-con-inner\">\n\t\t\t\t<div class=\"elementor-element elementor-element-d21c3fb elementor-widget elementor-widget-heading\" data-id=\"d21c3fb\" data-element_type=\"widget\" data-widget_type=\"heading.default\">\n\t\t\t\t\t<h2 class=\"elementor-heading-title elementor-size-default\">ADMISIONS<\/h2>\t\t\t\t<\/div>\n\t\t\t\t\t<\/div>\n\t\t\t\t<\/div>\n\t\t<div class=\"elementor-element elementor-element-24dd565 e-flex e-con-boxed e-con e-parent\" data-id=\"24dd565\" data-element_type=\"container\" data-settings=\"{&quot;background_background&quot;:&quot;classic&quot;}\">\n\t\t\t\t\t<div class=\"e-con-inner\">\n\t\t<div class=\"elementor-element elementor-element-afbd04d e-con-full e-flex e-con e-child\" data-id=\"afbd04d\" data-element_type=\"container\">\n\t\t\t\t<div class=\"elementor-element elementor-element-c5259ff elementor-widget elementor-widget-spacer\" data-id=\"c5259ff\" data-element_type=\"widget\" data-widget_type=\"spacer.default\">\n\t\t\t\t\t\t\t<div class=\"elementor-spacer\">\n\t\t\t<div class=\"elementor-spacer-inner\"><\/div>\n\t\t<\/div>\n\t\t\t\t\t\t<\/div>\n\t\t\t\t<\/div>\n\t\t<div class=\"elementor-element elementor-element-8810d40 e-con-full e-flex e-con e-child\" data-id=\"8810d40\" data-element_type=\"container\" data-settings=\"{&quot;background_background&quot;:&quot;classic&quot;}\">\n\t\t\t\t<div class=\"elementor-element elementor-element-eb92d75 elementor-widget elementor-widget-heading\" data-id=\"eb92d75\" data-element_type=\"widget\" data-widget_type=\"heading.default\">\n\t\t\t\t\t<h2 class=\"elementor-heading-title elementor-size-default\">OPEN REGISTRATIONS<\/h2>\t\t\t\t<\/div>\n\t\t\t\t<div class=\"elementor-element elementor-element-e8236a0 elementor-widget elementor-widget-text-editor\" data-id=\"e8236a0\" data-element_type=\"widget\" data-widget_type=\"text-editor.default\">\n\t\t\t\t\t\t\t\t\tRespect and honesty, rigorous academic preparation, critical and creative capacity, personal security and joy, environmental awareness, and appreciation for our cultural values. All this describes the students of the Hontanar Bilingual Educational Unit.\t\t\t\t\t\t\t\t<\/div>\n\t\t\t\t<\/div>\n\t\t\t\t\t<\/div>\n\t\t\t\t<\/div>\n\t\t<div class=\"elementor-element elementor-element-c36e733 e-flex e-con-boxed e-con e-parent\" data-id=\"c36e733\" data-element_type=\"container\">\n\t\t\t\t\t<div class=\"e-con-inner\">\n\t\t<div class=\"elementor-element elementor-element-63c1e75 e-flex e-con-boxed e-con e-child\" data-id=\"63c1e75\" data-element_type=\"container\">\n\t\t\t\t\t<div class=\"e-con-inner\">\n\t\t\t\t<div class=\"elementor-element elementor-element-f13383c elementor-widget elementor-widget-heading\" data-id=\"f13383c\" data-element_type=\"widget\" data-widget_type=\"heading.default\">\n\t\t\t\t\t<h2 class=\"elementor-heading-title elementor-size-default\">ADMISSION PROCESS<\/h2>\t\t\t\t<\/div>\n\t\t\t\t\t<\/div>\n\t\t\t\t<\/div>\n\t\t<div class=\"elementor-element elementor-element-68a91ef e-flex e-con-boxed e-con e-child\" data-id=\"68a91ef\" data-element_type=\"container\">\n\t\t\t\t\t<div class=\"e-con-inner\">\n\t\t\t\t<div class=\"elementor-element elementor-element-f533583 elementor-widget elementor-widget-image\" data-id=\"f533583\" data-element_type=\"widget\" data-widget_type=\"image.default\">\n\t\t\t\t\t\t\t\t\t\t\t\t\t\t\t<img fetchpriority=\"high\" decoding=\"async\" width=\"900\" height=\"314\" src=\"https:\/\/hontanar.edu.ec\/wp-content\/uploads\/2023\/10\/pasos1.webp\" class=\"attachment-large size-large wp-image-363\" alt=\"\" srcset=\"https:\/\/hontanar.edu.ec\/wp-content\/uploads\/2023\/10\/pasos1.webp 900w, https:\/\/hontanar.edu.ec\/wp-content\/uploads\/2023\/10\/pasos1-300x105.webp 300w, https:\/\/hontanar.edu.ec\/wp-content\/uploads\/2023\/10\/pasos1-768x268.webp 768w, https:\/\/hontanar.edu.ec\/wp-content\/uploads\/2023\/10\/pasos1-18x6.webp 18w\" sizes=\"(max-width: 900px) 100vw, 900px\" \/>\t\t\t\t\t\t\t\t\t\t\t\t\t\t\t<\/div>\n\t\t\t\t\t<\/div>\n\t\t\t\t<\/div>\n\t\t<div class=\"elementor-element elementor-element-9ee3cd7 e-flex e-con-boxed e-con e-child\" data-id=\"9ee3cd7\" data-element_type=\"container\">\n\t\t\t\t\t<div class=\"e-con-inner\">\n\t\t<div class=\"elementor-element elementor-element-a963d5a e-con-full e-flex e-con e-child\" data-id=\"a963d5a\" data-element_type=\"container\">\n\t\t\t\t<div class=\"elementor-element elementor-element-551247c elementor-align-center elementor-widget elementor-widget-button\" data-id=\"551247c\" data-element_type=\"widget\" data-widget_type=\"button.default\">\n\t\t\t\t\t\t\t\t\t\t<a class=\"elementor-button elementor-button-link elementor-size-sm\" href=\"https:\/\/hontanar.edu.ec\/en\/formulario-de-admision\/\">\n\t\t\t\t\t\t<span class=\"elementor-button-content-wrapper\">\n\t\t\t\t\t\t\t\t\t<span class=\"elementor-button-text\">INFORMATION REQUEST<\/span>\n\t\t\t\t\t<\/span>\n\t\t\t\t\t<\/a>\n\t\t\t\t\t\t\t\t<\/div>\n\t\t\t\t<\/div>\n\t\t<div class=\"elementor-element elementor-element-3738ea8 e-con-full e-flex e-con e-child\" data-id=\"3738ea8\" data-element_type=\"container\">\n\t\t\t\t<div class=\"elementor-element elementor-element-b99c66e elementor-align-center elementor-widget elementor-widget-button\" data-id=\"b99c66e\" data-element_type=\"widget\" data-widget_type=\"button.default\">\n\t\t\t\t\t\t\t\t\t\t<a class=\"elementor-button elementor-button-link elementor-size-sm\" href=\"https:\/\/idukay.net\/#\/public\/aspirants\/63db02df352406105261c188\">\n\t\t\t\t\t\t<span class=\"elementor-button-content-wrapper\">\n\t\t\t\t\t\t\t\t\t<span class=\"elementor-button-text\">ADMISSION REQUEST<\/span>\n\t\t\t\t\t<\/span>\n\t\t\t\t\t<\/a>\n\t\t\t\t\t\t\t\t<\/div>\n\t\t\t\t<\/div>\n\t\t<div class=\"elementor-element elementor-element-16aa9e1 e-con-full e-flex e-con e-child\" data-id=\"16aa9e1\" data-element_type=\"container\">\n\t\t\t\t<div class=\"elementor-element elementor-element-38010bd elementor-align-center elementor-widget elementor-widget-button\" data-id=\"38010bd\" data-element_type=\"widget\" data-widget_type=\"button.default\">\n\t\t\t\t\t\t\t\t\t\t<a class=\"elementor-button elementor-button-link elementor-size-sm\" href=\"https:\/\/hontanar.edu.ec\/en\/rubros\/\">\n\t\t\t\t\t\t<span class=\"elementor-button-content-wrapper\">\n\t\t\t\t\t\t\t\t\t<span class=\"elementor-button-text\">ITEMS<\/span>\n\t\t\t\t\t<\/span>\n\t\t\t\t\t<\/a>\n\t\t\t\t\t\t\t\t<\/div>\n\t\t\t\t<\/div>\n\t\t\t\t\t<\/div>\n\t\t\t\t<\/div>\n\t\t\t\t\t<\/div>\n\t\t\t\t<\/div>\n\t\t<div class=\"elementor-element elementor-element-769692a e-con-full e-flex e-con e-parent\" data-id=\"769692a\" data-element_type=\"container\">\n\t\t\t\t<div class=\"elementor-element elementor-element-2ec8773 elementor-widget elementor-widget-shortcode\" data-id=\"2ec8773\" data-element_type=\"widget\" data-widget_type=\"shortcode.default\">\n\t\t\t\t\t\t\t<div class=\"elementor-shortcode\">\t\t<div data-elementor-type=\"container\" data-elementor-id=\"2973\" class=\"elementor elementor-2973\" data-elementor-post-type=\"elementor_library\">\n\t\t\t\t<div class=\"elementor-element elementor-element-440e5ee e-con-full elementor-hidden-mobile e-flex e-con e-parent\" data-id=\"440e5ee\" data-element_type=\"container\" data-settings=\"{&quot;background_background&quot;:&quot;classic&quot;,&quot;shape_divider_bottom&quot;:&quot;arrow&quot;,&quot;shape_divider_bottom_negative&quot;:&quot;yes&quot;}\">\n\t\t\t\t<div class=\"elementor-shape elementor-shape-bottom\" aria-hidden=\"true\" data-negative=\"true\">\n\t\t\t<svg xmlns=\"http:\/\/www.w3.org\/2000\/svg\" viewbox=\"0 0 700 10\" preserveaspectratio=\"none\">\n\t<path class=\"elementor-shape-fill\" d=\"M360 0L350 9.9 340 0 0 0 0 10 700 10 700 0\"\/>\n<\/svg>\t\t<\/div>\n\t\t<div class=\"elementor-element elementor-element-608db6cf e-con-full e-flex e-con e-child\" data-id=\"608db6cf\" data-element_type=\"container\" data-settings=\"{&quot;background_background&quot;:&quot;classic&quot;}\">\n\t\t\t\t<div class=\"elementor-element elementor-element-629e895e premium-floating-effects-yes elementor-widget elementor-widget-image\" data-id=\"629e895e\" data-element_type=\"widget\" id=\"caja-over-verde\" data-settings=\"{&quot;premium_fe_trigger&quot;:&quot;load&quot;,&quot;premium_fe_direction&quot;:&quot;alternate&quot;,&quot;premium_fe_loop&quot;:&quot;default&quot;,&quot;premium_fe_easing&quot;:&quot;easeInOutSine&quot;}\" data-widget_type=\"image.default\">\n\t\t\t\t\t\t\t\t\t\t\t\t\t\t\t<img decoding=\"async\" width=\"740\" height=\"500\" src=\"https:\/\/hontanar.edu.ec\/wp-content\/uploads\/2025\/11\/divisor4-2.webp\" class=\"attachment-full size-full wp-image-2969\" alt=\"\" srcset=\"https:\/\/hontanar.edu.ec\/wp-content\/uploads\/2025\/11\/divisor4-2.webp 740w, https:\/\/hontanar.edu.ec\/wp-content\/uploads\/2025\/11\/divisor4-2-18x12.webp 18w\" sizes=\"(max-width: 740px) 100vw, 740px\" \/>\t\t\t\t\t\t\t\t\t\t\t\t\t\t\t<\/div>\n\t\t\t\t<\/div>\n\t\t<div class=\"elementor-element elementor-element-10dcf451 e-con-full e-flex e-con e-child\" data-id=\"10dcf451\" data-element_type=\"container\" data-settings=\"{&quot;background_background&quot;:&quot;classic&quot;}\">\n\t\t\t\t<div class=\"elementor-element elementor-element-4f0e0b3c premium-floating-effects-yes elementor-widget elementor-widget-image\" data-id=\"4f0e0b3c\" data-element_type=\"widget\" data-settings=\"{&quot;premium_fe_trigger&quot;:&quot;load&quot;,&quot;premium_fe_direction&quot;:&quot;alternate&quot;,&quot;premium_fe_loop&quot;:&quot;default&quot;,&quot;premium_fe_easing&quot;:&quot;easeInOutSine&quot;}\" data-widget_type=\"image.default\">\n\t\t\t\t\t\t\t\t\t\t\t\t\t\t\t<img decoding=\"async\" width=\"741\" height=\"501\" src=\"https:\/\/hontanar.edu.ec\/wp-content\/uploads\/2025\/11\/divisor-1.webp\" class=\"attachment-full size-full wp-image-3137\" alt=\"\" srcset=\"https:\/\/hontanar.edu.ec\/wp-content\/uploads\/2025\/11\/divisor-1.webp 741w, https:\/\/hontanar.edu.ec\/wp-content\/uploads\/2025\/11\/divisor-1-18x12.webp 18w\" sizes=\"(max-width: 741px) 100vw, 741px\" \/>\t\t\t\t\t\t\t\t\t\t\t\t\t\t\t<\/div>\n\t\t\t\t<\/div>\n\t\t<div class=\"elementor-element elementor-element-797bd6af e-con-full e-flex e-con e-child\" data-id=\"797bd6af\" data-element_type=\"container\" data-settings=\"{&quot;background_background&quot;:&quot;classic&quot;}\">\n\t\t\t\t<div class=\"elementor-element elementor-element-15310732 premium-floating-effects-yes elementor-widget elementor-widget-image\" data-id=\"15310732\" data-element_type=\"widget\" data-settings=\"{&quot;premium_fe_trigger&quot;:&quot;load&quot;,&quot;premium_fe_direction&quot;:&quot;alternate&quot;,&quot;premium_fe_loop&quot;:&quot;default&quot;,&quot;premium_fe_easing&quot;:&quot;easeInOutSine&quot;}\" data-widget_type=\"image.default\">\n\t\t\t\t\t\t\t\t\t\t\t\t\t\t\t<img loading=\"lazy\" decoding=\"async\" width=\"740\" height=\"500\" src=\"https:\/\/hontanar.edu.ec\/wp-content\/uploads\/2025\/11\/divisor2.webp\" class=\"attachment-full size-full wp-image-2887\" alt=\"\" srcset=\"https:\/\/hontanar.edu.ec\/wp-content\/uploads\/2025\/11\/divisor2.webp 740w, https:\/\/hontanar.edu.ec\/wp-content\/uploads\/2025\/11\/divisor2-18x12.webp 18w\" sizes=\"(max-width: 740px) 100vw, 740px\" \/>\t\t\t\t\t\t\t\t\t\t\t\t\t\t\t<\/div>\n\t\t\t\t<\/div>\n\t\t<div class=\"elementor-element elementor-element-6a25dcd e-con-full e-flex e-con e-child\" data-id=\"6a25dcd\" data-element_type=\"container\" data-settings=\"{&quot;background_background&quot;:&quot;classic&quot;}\">\n\t\t\t\t<div class=\"elementor-element elementor-element-602b68b2 premium-floating-effects-yes elementor-widget elementor-widget-image\" data-id=\"602b68b2\" data-element_type=\"widget\" data-settings=\"{&quot;premium_fe_trigger&quot;:&quot;load&quot;,&quot;premium_fe_direction&quot;:&quot;alternate&quot;,&quot;premium_fe_loop&quot;:&quot;default&quot;,&quot;premium_fe_easing&quot;:&quot;easeInOutSine&quot;}\" data-widget_type=\"image.default\">\n\t\t\t\t\t\t\t\t\t\t\t\t\t\t\t<img loading=\"lazy\" decoding=\"async\" width=\"741\" height=\"501\" src=\"https:\/\/hontanar.edu.ec\/wp-content\/uploads\/2025\/11\/carreteBachillerato2.webp\" class=\"attachment-full size-full wp-image-3235\" alt=\"\" srcset=\"https:\/\/hontanar.edu.ec\/wp-content\/uploads\/2025\/11\/carreteBachillerato2.webp 741w, https:\/\/hontanar.edu.ec\/wp-content\/uploads\/2025\/11\/carreteBachillerato2-18x12.webp 18w\" sizes=\"(max-width: 741px) 100vw, 741px\" \/>\t\t\t\t\t\t\t\t\t\t\t\t\t\t\t<\/div>\n\t\t\t\t<\/div>\n\t\t\t\t<\/div>\n\t\t\t\t<\/div>\n\t\t<\/div>\n\t\t\t\t\t\t<\/div>\n\t\t\t\t<\/div>\n\t\t\t\t<\/div>","protected":false},"excerpt":{"rendered":"<p>ADMISIONES MATR\u00cdCULAS ABIERTAS Respeto y honestidad, preparaci\u00f3n acad\u00e9mica rigurosa, capacidad cr\u00edtica y creativa, seguridad personal y alegr\u00eda, conciencia ambiental y aprecio por nuestros valores culturales. Todo esto describe a los alumnos de la Unidad Educativa Biling\u00fce Hontanar. PROCESO DE ADMISI\u00d3N SOLICITUD DE INFORMACI\u00d3N SOLICITUD DE ADMISION RUBROS<\/p>","protected":false},"author":1,"featured_media":0,"parent":0,"menu_order":0,"comment_status":"closed","ping_status":"closed","template":"","meta":{"footnotes":""},"class_list":["post-346","page","type-page","status-publish","hentry"],"yoast_head":"<!-- This site is optimized with the Yoast SEO plugin v27.3 - https:\/\/yoast.com\/product\/yoast-seo-wordpress\/ -->\n<title>Admisiones - Hontanar<\/title>\n<meta name=\"robots\" content=\"index, follow, max-snippet:-1, max-image-preview:large, max-video-preview:-1\" \/>\n<link rel=\"canonical\" href=\"https:\/\/hontanar.edu.ec\/en\/admisiones\/\" \/>\n<meta property=\"og:locale\" content=\"en_US\" \/>\n<meta property=\"og:type\" content=\"article\" \/>\n<meta property=\"og:title\" content=\"Admisiones - Hontanar\" \/>\n<meta property=\"og:description\" content=\"ADMISIONES MATR\u00cdCULAS ABIERTAS Respeto y honestidad, preparaci\u00f3n acad\u00e9mica rigurosa, capacidad cr\u00edtica y creativa, seguridad personal y alegr\u00eda, conciencia ambiental y aprecio por nuestros valores culturales. Todo esto describe a los alumnos de la Unidad Educativa Biling\u00fce Hontanar. PROCESO DE ADMISI\u00d3N SOLICITUD DE INFORMACI\u00d3N SOLICITUD DE ADMISION RUBROS\" \/>\n<meta property=\"og:url\" content=\"https:\/\/hontanar.edu.ec\/en\/admisiones\/\" \/>\n<meta property=\"og:site_name\" content=\"Hontanar\" \/>\n<meta property=\"article:modified_time\" content=\"2026-01-29T17:18:57+00:00\" \/>\n<meta property=\"og:image\" content=\"https:\/\/hontanar.edu.ec\/wp-content\/uploads\/2023\/10\/pasos1.webp\" \/>\n\t<meta property=\"og:image:width\" content=\"900\" \/>\n\t<meta property=\"og:image:height\" content=\"314\" \/>\n\t<meta property=\"og:image:type\" content=\"image\/webp\" \/>\n<meta name=\"twitter:card\" content=\"summary_large_image\" \/>\n<meta name=\"twitter:label1\" content=\"Est. reading time\" \/>\n\t<meta name=\"twitter:data1\" content=\"2 minutes\" \/>\n<script type=\"application\/ld+json\" class=\"yoast-schema-graph\">{\"@context\":\"https:\\\/\\\/schema.org\",\"@graph\":[{\"@type\":\"WebPage\",\"@id\":\"https:\\\/\\\/hontanar.edu.ec\\\/admisiones\\\/\",\"url\":\"https:\\\/\\\/hontanar.edu.ec\\\/admisiones\\\/\",\"name\":\"Admisiones - Hontanar\",\"isPartOf\":{\"@id\":\"https:\\\/\\\/hontanar.edu.ec\\\/#website\"},\"primaryImageOfPage\":{\"@id\":\"https:\\\/\\\/hontanar.edu.ec\\\/admisiones\\\/#primaryimage\"},\"image\":{\"@id\":\"https:\\\/\\\/hontanar.edu.ec\\\/admisiones\\\/#primaryimage\"},\"thumbnailUrl\":\"https:\\\/\\\/hontanar.edu.ec\\\/wp-content\\\/uploads\\\/2023\\\/10\\\/pasos1.webp\",\"datePublished\":\"2023-10-03T20:26:16+00:00\",\"dateModified\":\"2026-01-29T17:18:57+00:00\",\"breadcrumb\":{\"@id\":\"https:\\\/\\\/hontanar.edu.ec\\\/admisiones\\\/#breadcrumb\"},\"inLanguage\":\"en-US\",\"potentialAction\":[{\"@type\":\"ReadAction\",\"target\":[\"https:\\\/\\\/hontanar.edu.ec\\\/admisiones\\\/\"]}]},{\"@type\":\"ImageObject\",\"inLanguage\":\"en-US\",\"@id\":\"https:\\\/\\\/hontanar.edu.ec\\\/admisiones\\\/#primaryimage\",\"url\":\"https:\\\/\\\/hontanar.edu.ec\\\/wp-content\\\/uploads\\\/2023\\\/10\\\/pasos1.webp\",\"contentUrl\":\"https:\\\/\\\/hontanar.edu.ec\\\/wp-content\\\/uploads\\\/2023\\\/10\\\/pasos1.webp\"},{\"@type\":\"BreadcrumbList\",\"@id\":\"https:\\\/\\\/hontanar.edu.ec\\\/admisiones\\\/#breadcrumb\",\"itemListElement\":[{\"@type\":\"ListItem\",\"position\":1,\"name\":\"Portada\",\"item\":\"https:\\\/\\\/hontanar.edu.ec\\\/\"},{\"@type\":\"ListItem\",\"position\":2,\"name\":\"Admisiones\"}]},{\"@type\":\"WebSite\",\"@id\":\"https:\\\/\\\/hontanar.edu.ec\\\/#website\",\"url\":\"https:\\\/\\\/hontanar.edu.ec\\\/\",\"name\":\"Hontanar\",\"description\":\"\",\"publisher\":{\"@id\":\"https:\\\/\\\/hontanar.edu.ec\\\/#organization\"},\"potentialAction\":[{\"@type\":\"SearchAction\",\"target\":{\"@type\":\"EntryPoint\",\"urlTemplate\":\"https:\\\/\\\/hontanar.edu.ec\\\/?s={search_term_string}\"},\"query-input\":{\"@type\":\"PropertyValueSpecification\",\"valueRequired\":true,\"valueName\":\"search_term_string\"}}],\"inLanguage\":\"en-US\"},{\"@type\":\"Organization\",\"@id\":\"https:\\\/\\\/hontanar.edu.ec\\\/#organization\",\"name\":\"Hontanar\",\"url\":\"https:\\\/\\\/hontanar.edu.ec\\\/\",\"logo\":{\"@type\":\"ImageObject\",\"inLanguage\":\"en-US\",\"@id\":\"https:\\\/\\\/hontanar.edu.ec\\\/#\\\/schema\\\/logo\\\/image\\\/\",\"url\":\"https:\\\/\\\/hontanar.edu.ec\\\/wp-content\\\/uploads\\\/2023\\\/09\\\/Logo-HONTANAR-INTERNET-338X100.webp\",\"contentUrl\":\"https:\\\/\\\/hontanar.edu.ec\\\/wp-content\\\/uploads\\\/2023\\\/09\\\/Logo-HONTANAR-INTERNET-338X100.webp\",\"width\":338,\"height\":100,\"caption\":\"Hontanar\"},\"image\":{\"@id\":\"https:\\\/\\\/hontanar.edu.ec\\\/#\\\/schema\\\/logo\\\/image\\\/\"}}]}<\/script>\n<!-- \/ Yoast SEO plugin. -->","yoast_head_json":{"title":"Admisiones - Hontanar","robots":{"index":"index","follow":"follow","max-snippet":"max-snippet:-1","max-image-preview":"max-image-preview:large","max-video-preview":"max-video-preview:-1"},"canonical":"https:\/\/hontanar.edu.ec\/en\/admisiones\/","og_locale":"en_US","og_type":"article","og_title":"Admisiones - Hontanar","og_description":"ADMISIONES MATR\u00cdCULAS ABIERTAS Respeto y honestidad, preparaci\u00f3n acad\u00e9mica rigurosa, capacidad cr\u00edtica y creativa, seguridad personal y alegr\u00eda, conciencia ambiental y aprecio por nuestros valores culturales. Todo esto describe a los alumnos de la Unidad Educativa Biling\u00fce Hontanar. PROCESO DE ADMISI\u00d3N SOLICITUD DE INFORMACI\u00d3N SOLICITUD DE ADMISION RUBROS","og_url":"https:\/\/hontanar.edu.ec\/en\/admisiones\/","og_site_name":"Hontanar","article_modified_time":"2026-01-29T17:18:57+00:00","og_image":[{"width":900,"height":314,"url":"https:\/\/hontanar.edu.ec\/wp-content\/uploads\/2023\/10\/pasos1.webp","type":"image\/webp"}],"twitter_card":"summary_large_image","twitter_misc":{"Est. reading time":"2 minutes"},"schema":{"@context":"https:\/\/schema.org","@graph":[{"@type":"WebPage","@id":"https:\/\/hontanar.edu.ec\/admisiones\/","url":"https:\/\/hontanar.edu.ec\/admisiones\/","name":"Admisiones - Hontanar","isPartOf":{"@id":"https:\/\/hontanar.edu.ec\/#website"},"primaryImageOfPage":{"@id":"https:\/\/hontanar.edu.ec\/admisiones\/#primaryimage"},"image":{"@id":"https:\/\/hontanar.edu.ec\/admisiones\/#primaryimage"},"thumbnailUrl":"https:\/\/hontanar.edu.ec\/wp-content\/uploads\/2023\/10\/pasos1.webp","datePublished":"2023-10-03T20:26:16+00:00","dateModified":"2026-01-29T17:18:57+00:00","breadcrumb":{"@id":"https:\/\/hontanar.edu.ec\/admisiones\/#breadcrumb"},"inLanguage":"en-US","potentialAction":[{"@type":"ReadAction","target":["https:\/\/hontanar.edu.ec\/admisiones\/"]}]},{"@type":"ImageObject","inLanguage":"en-US","@id":"https:\/\/hontanar.edu.ec\/admisiones\/#primaryimage","url":"https:\/\/hontanar.edu.ec\/wp-content\/uploads\/2023\/10\/pasos1.webp","contentUrl":"https:\/\/hontanar.edu.ec\/wp-content\/uploads\/2023\/10\/pasos1.webp"},{"@type":"BreadcrumbList","@id":"https:\/\/hontanar.edu.ec\/admisiones\/#breadcrumb","itemListElement":[{"@type":"ListItem","position":1,"name":"Portada","item":"https:\/\/hontanar.edu.ec\/"},{"@type":"ListItem","position":2,"name":"Admisiones"}]},{"@type":"WebSite","@id":"https:\/\/hontanar.edu.ec\/#website","url":"https:\/\/hontanar.edu.ec\/","name":"Hontanar","description":"","publisher":{"@id":"https:\/\/hontanar.edu.ec\/#organization"},"potentialAction":[{"@type":"SearchAction","target":{"@type":"EntryPoint","urlTemplate":"https:\/\/hontanar.edu.ec\/?s={search_term_string}"},"query-input":{"@type":"PropertyValueSpecification","valueRequired":true,"valueName":"search_term_string"}}],"inLanguage":"en-US"},{"@type":"Organization","@id":"https:\/\/hontanar.edu.ec\/#organization","name":"Hontanar","url":"https:\/\/hontanar.edu.ec\/","logo":{"@type":"ImageObject","inLanguage":"en-US","@id":"https:\/\/hontanar.edu.ec\/#\/schema\/logo\/image\/","url":"https:\/\/hontanar.edu.ec\/wp-content\/uploads\/2023\/09\/Logo-HONTANAR-INTERNET-338X100.webp","contentUrl":"https:\/\/hontanar.edu.ec\/wp-content\/uploads\/2023\/09\/Logo-HONTANAR-INTERNET-338X100.webp","width":338,"height":100,"caption":"Hontanar"},"image":{"@id":"https:\/\/hontanar.edu.ec\/#\/schema\/logo\/image\/"}}]}},"_links":{"self":[{"href":"https:\/\/hontanar.edu.ec\/en\/wp-json\/wp\/v2\/pages\/346","targetHints":{"allow":["GET"]}}],"collection":[{"href":"https:\/\/hontanar.edu.ec\/en\/wp-json\/wp\/v2\/pages"}],"about":[{"href":"https:\/\/hontanar.edu.ec\/en\/wp-json\/wp\/v2\/types\/page"}],"author":[{"embeddable":true,"href":"https:\/\/hontanar.edu.ec\/en\/wp-json\/wp\/v2\/users\/1"}],"replies":[{"embeddable":true,"href":"https:\/\/hontanar.edu.ec\/en\/wp-json\/wp\/v2\/comments?post=346"}],"version-history":[{"count":75,"href":"https:\/\/hontanar.edu.ec\/en\/wp-json\/wp\/v2\/pages\/346\/revisions"}],"predecessor-version":[{"id":3240,"href":"https:\/\/hontanar.edu.ec\/en\/wp-json\/wp\/v2\/pages\/346\/revisions\/3240"}],"wp:attachment":[{"href":"https:\/\/hontanar.edu.ec\/en\/wp-json\/wp\/v2\/media?parent=346"}],"curies":[{"name":"wp","href":"https:\/\/api.w.org\/{rel}","templated":true}]}}