{"id":410,"date":"2023-10-04T21:36:44","date_gmt":"2023-10-04T21:36:44","guid":{"rendered":"https:\/\/hontanar.edu.ec\/?page_id=410"},"modified":"2026-01-31T15:07:25","modified_gmt":"2026-01-31T15:07:25","slug":"deportes","status":"publish","type":"page","link":"https:\/\/hontanar.edu.ec\/en\/deportes\/","title":{"rendered":"Sports"},"content":{"rendered":"<div data-elementor-type=\"wp-page\" data-elementor-id=\"410\" class=\"elementor elementor-410\" data-elementor-post-type=\"page\">\n\t\t\t\t<div class=\"elementor-element elementor-element-6ad2004 e-flex e-con-boxed e-con e-parent\" data-id=\"6ad2004\" data-element_type=\"container\" data-settings=\"{&quot;background_background&quot;:&quot;classic&quot;}\">\n\t\t\t\t\t<div class=\"e-con-inner\">\n\t\t\t\t<div class=\"elementor-element elementor-element-d21c3fb elementor-widget elementor-widget-heading\" data-id=\"d21c3fb\" data-element_type=\"widget\" data-widget_type=\"heading.default\">\n\t\t\t\t\t<h2 class=\"elementor-heading-title elementor-size-default\">DEPORTES<\/h2>\t\t\t\t<\/div>\n\t\t\t\t\t<\/div>\n\t\t\t\t<\/div>\n\t\t<div class=\"elementor-element elementor-element-07ad412 e-flex e-con-boxed e-con e-parent\" data-id=\"07ad412\" data-element_type=\"container\">\n\t\t\t\t\t<div class=\"e-con-inner\">\n\t\t<div class=\"elementor-element elementor-element-b27480c e-con-full e-flex e-con e-child\" data-id=\"b27480c\" data-element_type=\"container\">\n\t\t<div class=\"elementor-element elementor-element-a08f86a e-con-full e-flex e-con e-child\" data-id=\"a08f86a\" data-element_type=\"container\">\n\t\t<div class=\"elementor-element elementor-element-6432db3 e-con-full e-flex e-con e-child\" data-id=\"6432db3\" data-element_type=\"container\">\n\t\t\t\t<div class=\"elementor-element elementor-element-85d61af elementor-widget elementor-widget-image\" data-id=\"85d61af\" data-element_type=\"widget\" data-widget_type=\"image.default\">\n\t\t\t\t\t\t\t\t\t\t\t\t\t\t\t<img fetchpriority=\"high\" decoding=\"async\" width=\"1600\" height=\"1066\" src=\"https:\/\/hontanar.edu.ec\/wp-content\/uploads\/2026\/01\/VOLEY.webp\" class=\"attachment-large size-large wp-image-3306\" alt=\"\" srcset=\"https:\/\/hontanar.edu.ec\/wp-content\/uploads\/2026\/01\/VOLEY.webp 1600w, https:\/\/hontanar.edu.ec\/wp-content\/uploads\/2026\/01\/VOLEY-768x512.webp 768w, https:\/\/hontanar.edu.ec\/wp-content\/uploads\/2026\/01\/VOLEY-1536x1023.webp 1536w, https:\/\/hontanar.edu.ec\/wp-content\/uploads\/2026\/01\/VOLEY-18x12.webp 18w\" sizes=\"(max-width: 1600px) 100vw, 1600px\" \/>\t\t\t\t\t\t\t\t\t\t\t\t\t\t\t<\/div>\n\t\t\t\t<\/div>\n\t\t<div class=\"elementor-element elementor-element-d27306d e-con-full e-flex e-con e-child\" data-id=\"d27306d\" data-element_type=\"container\">\n\t\t\t\t<div class=\"elementor-element elementor-element-2162a2a elementor-widget elementor-widget-image\" data-id=\"2162a2a\" data-element_type=\"widget\" data-widget_type=\"image.default\">\n\t\t\t\t\t\t\t\t\t\t\t\t\t\t\t<img decoding=\"async\" width=\"1600\" height=\"1066\" src=\"https:\/\/hontanar.edu.ec\/wp-content\/uploads\/2026\/01\/FUBTOL-1.webp\" class=\"attachment-large size-large wp-image-3308\" alt=\"\" srcset=\"https:\/\/hontanar.edu.ec\/wp-content\/uploads\/2026\/01\/FUBTOL-1.webp 1600w, https:\/\/hontanar.edu.ec\/wp-content\/uploads\/2026\/01\/FUBTOL-1-768x512.webp 768w, https:\/\/hontanar.edu.ec\/wp-content\/uploads\/2026\/01\/FUBTOL-1-1536x1023.webp 1536w, https:\/\/hontanar.edu.ec\/wp-content\/uploads\/2026\/01\/FUBTOL-1-18x12.webp 18w\" sizes=\"(max-width: 1600px) 100vw, 1600px\" \/>\t\t\t\t\t\t\t\t\t\t\t\t\t\t\t<\/div>\n\t\t\t\t<\/div>\n\t\t\t\t<\/div>\n\t\t<div class=\"elementor-element elementor-element-4ef3ce8 e-con-full e-flex e-con e-child\" data-id=\"4ef3ce8\" data-element_type=\"container\">\n\t\t\t\t<div class=\"elementor-element elementor-element-6b7ba5e elementor-widget elementor-widget-text-editor\" data-id=\"6b7ba5e\" data-element_type=\"widget\" data-widget_type=\"text-editor.default\">\n\t\t\t\t\t\t\t\t\t<p>La pr\u00e1ctica deportiva en el Colegio Hontanar es un pilar fundamental para el equilibrio f\u00edsico y emocional, fomentando un estilo de vida activo y saludable desde temprana edad. A trav\u00e9s de nuestras actividades extracurriculares de f\u00fatbol y voleibol, brindamos a los estudiantes un espacio donde el esfuerzo personal se une con el poder del trabajo en equipo. En la cancha, nuestros j\u00f3venes no solo perfeccionan su t\u00e9cnica y condici\u00f3n f\u00edsica, sino que tambi\u00e9n cultivan valores esenciales como la resiliencia, la lealtad y el respeto por el oponente.<\/p><p>Creemos firmemente que el deporte es una escuela de car\u00e1cter donde se aprende a ganar con humildad y a enfrentar los retos con determinaci\u00f3n y disciplina. Cada entrenamiento y cada partido son oportunidades para fortalecer la seguridad personal y crear v\u00ednculos de amistad duraderos entre compa\u00f1eros. Contamos con entrenadores comprometidos que gu\u00edan a nuestros deportistas hacia la excelencia, siempre bajo una atm\u00f3sfera de sana competencia y alegr\u00eda. Al integrar el deporte en su formaci\u00f3n, nuestros alumnos desarrollan la tenacidad necesaria para triunfar tanto en el \u00e1mbito acad\u00e9mico como en su vida futura. \u00a1\u00danete a nuestra comunidad deportiva y demuestra tu orgullo Hontanar en cada jugada!<\/p>\t\t\t\t\t\t\t\t<\/div>\n\t\t\t\t<div class=\"elementor-element elementor-element-8cdd1c5 elementor-widget elementor-widget-image\" data-id=\"8cdd1c5\" data-element_type=\"widget\" data-widget_type=\"image.default\">\n\t\t\t\t\t\t\t\t\t\t\t\t\t\t\t<img decoding=\"async\" width=\"128\" height=\"126\" src=\"https:\/\/hontanar.edu.ec\/wp-content\/uploads\/2023\/10\/iconos-futbolhontanar.webp\" class=\"attachment-large size-large wp-image-413\" alt=\"\" srcset=\"https:\/\/hontanar.edu.ec\/wp-content\/uploads\/2023\/10\/iconos-futbolhontanar.webp 128w, https:\/\/hontanar.edu.ec\/wp-content\/uploads\/2023\/10\/iconos-futbolhontanar-12x12.webp 12w\" sizes=\"(max-width: 128px) 100vw, 128px\" \/>\t\t\t\t\t\t\t\t\t\t\t\t\t\t\t<\/div>\n\t\t\t\t<\/div>\n\t\t\t\t<\/div>\n\t\t\t\t\t<\/div>\n\t\t\t\t<\/div>\n\t\t<div class=\"elementor-element elementor-element-61600c9 e-con-full e-flex e-con e-parent\" data-id=\"61600c9\" data-element_type=\"container\">\n\t\t\t\t<div class=\"elementor-element elementor-element-89e825f elementor-widget elementor-widget-shortcode\" data-id=\"89e825f\" data-element_type=\"widget\" data-widget_type=\"shortcode.default\">\n\t\t\t\t\t\t\t<div class=\"elementor-shortcode\">\t\t<div data-elementor-type=\"container\" data-elementor-id=\"2973\" class=\"elementor elementor-2973\" data-elementor-post-type=\"elementor_library\">\n\t\t\t\t<div class=\"elementor-element elementor-element-440e5ee e-con-full elementor-hidden-mobile e-flex e-con e-parent\" data-id=\"440e5ee\" data-element_type=\"container\" data-settings=\"{&quot;background_background&quot;:&quot;classic&quot;,&quot;shape_divider_bottom&quot;:&quot;arrow&quot;,&quot;shape_divider_bottom_negative&quot;:&quot;yes&quot;}\">\n\t\t\t\t<div class=\"elementor-shape elementor-shape-bottom\" aria-hidden=\"true\" data-negative=\"true\">\n\t\t\t<svg xmlns=\"http:\/\/www.w3.org\/2000\/svg\" viewbox=\"0 0 700 10\" preserveaspectratio=\"none\">\n\t<path class=\"elementor-shape-fill\" d=\"M360 0L350 9.9 340 0 0 0 0 10 700 10 700 0\"\/>\n<\/svg>\t\t<\/div>\n\t\t<div class=\"elementor-element elementor-element-608db6cf e-con-full e-flex e-con e-child\" data-id=\"608db6cf\" data-element_type=\"container\" data-settings=\"{&quot;background_background&quot;:&quot;classic&quot;}\">\n\t\t\t\t<div class=\"elementor-element elementor-element-629e895e premium-floating-effects-yes elementor-widget elementor-widget-image\" data-id=\"629e895e\" data-element_type=\"widget\" id=\"caja-over-verde\" data-settings=\"{&quot;premium_fe_trigger&quot;:&quot;load&quot;,&quot;premium_fe_direction&quot;:&quot;alternate&quot;,&quot;premium_fe_loop&quot;:&quot;default&quot;,&quot;premium_fe_easing&quot;:&quot;easeInOutSine&quot;}\" data-widget_type=\"image.default\">\n\t\t\t\t\t\t\t\t\t\t\t\t\t\t\t<img loading=\"lazy\" decoding=\"async\" width=\"740\" height=\"500\" src=\"https:\/\/hontanar.edu.ec\/wp-content\/uploads\/2025\/11\/divisor4-2.webp\" class=\"attachment-full size-full wp-image-2969\" alt=\"\" srcset=\"https:\/\/hontanar.edu.ec\/wp-content\/uploads\/2025\/11\/divisor4-2.webp 740w, https:\/\/hontanar.edu.ec\/wp-content\/uploads\/2025\/11\/divisor4-2-18x12.webp 18w\" sizes=\"(max-width: 740px) 100vw, 740px\" \/>\t\t\t\t\t\t\t\t\t\t\t\t\t\t\t<\/div>\n\t\t\t\t<\/div>\n\t\t<div class=\"elementor-element elementor-element-10dcf451 e-con-full e-flex e-con e-child\" data-id=\"10dcf451\" data-element_type=\"container\" data-settings=\"{&quot;background_background&quot;:&quot;classic&quot;}\">\n\t\t\t\t<div class=\"elementor-element elementor-element-4f0e0b3c premium-floating-effects-yes elementor-widget elementor-widget-image\" data-id=\"4f0e0b3c\" data-element_type=\"widget\" data-settings=\"{&quot;premium_fe_trigger&quot;:&quot;load&quot;,&quot;premium_fe_direction&quot;:&quot;alternate&quot;,&quot;premium_fe_loop&quot;:&quot;default&quot;,&quot;premium_fe_easing&quot;:&quot;easeInOutSine&quot;}\" data-widget_type=\"image.default\">\n\t\t\t\t\t\t\t\t\t\t\t\t\t\t\t<img loading=\"lazy\" decoding=\"async\" width=\"741\" height=\"501\" src=\"https:\/\/hontanar.edu.ec\/wp-content\/uploads\/2025\/11\/divisor-1.webp\" class=\"attachment-full size-full wp-image-3137\" alt=\"\" srcset=\"https:\/\/hontanar.edu.ec\/wp-content\/uploads\/2025\/11\/divisor-1.webp 741w, https:\/\/hontanar.edu.ec\/wp-content\/uploads\/2025\/11\/divisor-1-18x12.webp 18w\" sizes=\"(max-width: 741px) 100vw, 741px\" \/>\t\t\t\t\t\t\t\t\t\t\t\t\t\t\t<\/div>\n\t\t\t\t<\/div>\n\t\t<div class=\"elementor-element elementor-element-797bd6af e-con-full e-flex e-con e-child\" data-id=\"797bd6af\" data-element_type=\"container\" data-settings=\"{&quot;background_background&quot;:&quot;classic&quot;}\">\n\t\t\t\t<div class=\"elementor-element elementor-element-15310732 premium-floating-effects-yes elementor-widget elementor-widget-image\" data-id=\"15310732\" data-element_type=\"widget\" data-settings=\"{&quot;premium_fe_trigger&quot;:&quot;load&quot;,&quot;premium_fe_direction&quot;:&quot;alternate&quot;,&quot;premium_fe_loop&quot;:&quot;default&quot;,&quot;premium_fe_easing&quot;:&quot;easeInOutSine&quot;}\" data-widget_type=\"image.default\">\n\t\t\t\t\t\t\t\t\t\t\t\t\t\t\t<img loading=\"lazy\" decoding=\"async\" width=\"740\" height=\"500\" src=\"https:\/\/hontanar.edu.ec\/wp-content\/uploads\/2025\/11\/divisor2.webp\" class=\"attachment-full size-full wp-image-2887\" alt=\"\" srcset=\"https:\/\/hontanar.edu.ec\/wp-content\/uploads\/2025\/11\/divisor2.webp 740w, https:\/\/hontanar.edu.ec\/wp-content\/uploads\/2025\/11\/divisor2-18x12.webp 18w\" sizes=\"(max-width: 740px) 100vw, 740px\" \/>\t\t\t\t\t\t\t\t\t\t\t\t\t\t\t<\/div>\n\t\t\t\t<\/div>\n\t\t<div class=\"elementor-element elementor-element-6a25dcd e-con-full e-flex e-con e-child\" data-id=\"6a25dcd\" data-element_type=\"container\" data-settings=\"{&quot;background_background&quot;:&quot;classic&quot;}\">\n\t\t\t\t<div class=\"elementor-element elementor-element-602b68b2 premium-floating-effects-yes elementor-widget elementor-widget-image\" data-id=\"602b68b2\" data-element_type=\"widget\" data-settings=\"{&quot;premium_fe_trigger&quot;:&quot;load&quot;,&quot;premium_fe_direction&quot;:&quot;alternate&quot;,&quot;premium_fe_loop&quot;:&quot;default&quot;,&quot;premium_fe_easing&quot;:&quot;easeInOutSine&quot;}\" data-widget_type=\"image.default\">\n\t\t\t\t\t\t\t\t\t\t\t\t\t\t\t<img loading=\"lazy\" decoding=\"async\" width=\"741\" height=\"501\" src=\"https:\/\/hontanar.edu.ec\/wp-content\/uploads\/2025\/11\/carreteBachillerato2.webp\" class=\"attachment-full size-full wp-image-3235\" alt=\"\" srcset=\"https:\/\/hontanar.edu.ec\/wp-content\/uploads\/2025\/11\/carreteBachillerato2.webp 741w, https:\/\/hontanar.edu.ec\/wp-content\/uploads\/2025\/11\/carreteBachillerato2-18x12.webp 18w\" sizes=\"(max-width: 741px) 100vw, 741px\" \/>\t\t\t\t\t\t\t\t\t\t\t\t\t\t\t<\/div>\n\t\t\t\t<\/div>\n\t\t\t\t<\/div>\n\t\t\t\t<\/div>\n\t\t<\/div>\n\t\t\t\t\t\t<\/div>\n\t\t\t\t<\/div>\n\t\t\t\t<\/div>","protected":false},"excerpt":{"rendered":"<p>DEPORTES La pr\u00e1ctica deportiva en el Colegio Hontanar es un pilar fundamental para el equilibrio f\u00edsico y emocional, fomentando un estilo de vida activo y saludable desde temprana edad. A trav\u00e9s de nuestras actividades extracurriculares de f\u00fatbol y voleibol, brindamos a los estudiantes un espacio donde el esfuerzo personal se une con el poder del [&hellip;]<\/p>\n","protected":false},"author":1,"featured_media":0,"parent":0,"menu_order":0,"comment_status":"closed","ping_status":"closed","template":"","meta":{"footnotes":""},"class_list":["post-410","page","type-page","status-publish","hentry"],"yoast_head":"<!-- This site is optimized with the Yoast SEO plugin v27.3 - https:\/\/yoast.com\/product\/yoast-seo-wordpress\/ -->\n<title>Deportes - Hontanar<\/title>\n<meta name=\"robots\" content=\"index, follow, max-snippet:-1, max-image-preview:large, max-video-preview:-1\" \/>\n<link rel=\"canonical\" href=\"https:\/\/hontanar.edu.ec\/en\/deportes\/\" \/>\n<meta property=\"og:locale\" content=\"en_US\" \/>\n<meta property=\"og:type\" content=\"article\" \/>\n<meta property=\"og:title\" content=\"Deportes - Hontanar\" \/>\n<meta property=\"og:description\" content=\"DEPORTES La pr\u00e1ctica deportiva en el Colegio Hontanar es un pilar fundamental para el equilibrio f\u00edsico y emocional, fomentando un estilo de vida activo y saludable desde temprana edad. A trav\u00e9s de nuestras actividades extracurriculares de f\u00fatbol y voleibol, brindamos a los estudiantes un espacio donde el esfuerzo personal se une con el poder del [&hellip;]\" \/>\n<meta property=\"og:url\" content=\"https:\/\/hontanar.edu.ec\/en\/deportes\/\" \/>\n<meta property=\"og:site_name\" content=\"Hontanar\" \/>\n<meta property=\"article:modified_time\" content=\"2026-01-31T15:07:25+00:00\" \/>\n<meta property=\"og:image\" content=\"https:\/\/hontanar.edu.ec\/wp-content\/uploads\/2026\/01\/VOLEY.webp\" \/>\n\t<meta property=\"og:image:width\" content=\"1600\" \/>\n\t<meta property=\"og:image:height\" content=\"1066\" \/>\n\t<meta property=\"og:image:type\" content=\"image\/webp\" \/>\n<meta name=\"twitter:card\" content=\"summary_large_image\" \/>\n<meta name=\"twitter:label1\" content=\"Est. reading time\" \/>\n\t<meta name=\"twitter:data1\" content=\"2 minutes\" \/>\n<script type=\"application\/ld+json\" class=\"yoast-schema-graph\">{\"@context\":\"https:\\\/\\\/schema.org\",\"@graph\":[{\"@type\":\"WebPage\",\"@id\":\"https:\\\/\\\/hontanar.edu.ec\\\/deportes\\\/\",\"url\":\"https:\\\/\\\/hontanar.edu.ec\\\/deportes\\\/\",\"name\":\"Deportes - Hontanar\",\"isPartOf\":{\"@id\":\"https:\\\/\\\/hontanar.edu.ec\\\/#website\"},\"primaryImageOfPage\":{\"@id\":\"https:\\\/\\\/hontanar.edu.ec\\\/deportes\\\/#primaryimage\"},\"image\":{\"@id\":\"https:\\\/\\\/hontanar.edu.ec\\\/deportes\\\/#primaryimage\"},\"thumbnailUrl\":\"https:\\\/\\\/hontanar.edu.ec\\\/wp-content\\\/uploads\\\/2026\\\/01\\\/VOLEY.webp\",\"datePublished\":\"2023-10-04T21:36:44+00:00\",\"dateModified\":\"2026-01-31T15:07:25+00:00\",\"breadcrumb\":{\"@id\":\"https:\\\/\\\/hontanar.edu.ec\\\/deportes\\\/#breadcrumb\"},\"inLanguage\":\"en-US\",\"potentialAction\":[{\"@type\":\"ReadAction\",\"target\":[\"https:\\\/\\\/hontanar.edu.ec\\\/deportes\\\/\"]}]},{\"@type\":\"ImageObject\",\"inLanguage\":\"en-US\",\"@id\":\"https:\\\/\\\/hontanar.edu.ec\\\/deportes\\\/#primaryimage\",\"url\":\"https:\\\/\\\/hontanar.edu.ec\\\/wp-content\\\/uploads\\\/2026\\\/01\\\/VOLEY.webp\",\"contentUrl\":\"https:\\\/\\\/hontanar.edu.ec\\\/wp-content\\\/uploads\\\/2026\\\/01\\\/VOLEY.webp\"},{\"@type\":\"BreadcrumbList\",\"@id\":\"https:\\\/\\\/hontanar.edu.ec\\\/deportes\\\/#breadcrumb\",\"itemListElement\":[{\"@type\":\"ListItem\",\"position\":1,\"name\":\"Portada\",\"item\":\"https:\\\/\\\/hontanar.edu.ec\\\/\"},{\"@type\":\"ListItem\",\"position\":2,\"name\":\"Deportes\"}]},{\"@type\":\"WebSite\",\"@id\":\"https:\\\/\\\/hontanar.edu.ec\\\/#website\",\"url\":\"https:\\\/\\\/hontanar.edu.ec\\\/\",\"name\":\"Hontanar\",\"description\":\"\",\"publisher\":{\"@id\":\"https:\\\/\\\/hontanar.edu.ec\\\/#organization\"},\"potentialAction\":[{\"@type\":\"SearchAction\",\"target\":{\"@type\":\"EntryPoint\",\"urlTemplate\":\"https:\\\/\\\/hontanar.edu.ec\\\/?s={search_term_string}\"},\"query-input\":{\"@type\":\"PropertyValueSpecification\",\"valueRequired\":true,\"valueName\":\"search_term_string\"}}],\"inLanguage\":\"en-US\"},{\"@type\":\"Organization\",\"@id\":\"https:\\\/\\\/hontanar.edu.ec\\\/#organization\",\"name\":\"Hontanar\",\"url\":\"https:\\\/\\\/hontanar.edu.ec\\\/\",\"logo\":{\"@type\":\"ImageObject\",\"inLanguage\":\"en-US\",\"@id\":\"https:\\\/\\\/hontanar.edu.ec\\\/#\\\/schema\\\/logo\\\/image\\\/\",\"url\":\"https:\\\/\\\/hontanar.edu.ec\\\/wp-content\\\/uploads\\\/2023\\\/09\\\/Logo-HONTANAR-INTERNET-338X100.webp\",\"contentUrl\":\"https:\\\/\\\/hontanar.edu.ec\\\/wp-content\\\/uploads\\\/2023\\\/09\\\/Logo-HONTANAR-INTERNET-338X100.webp\",\"width\":338,\"height\":100,\"caption\":\"Hontanar\"},\"image\":{\"@id\":\"https:\\\/\\\/hontanar.edu.ec\\\/#\\\/schema\\\/logo\\\/image\\\/\"}}]}<\/script>\n<!-- \/ Yoast SEO plugin. -->","yoast_head_json":{"title":"Deportes - Hontanar","robots":{"index":"index","follow":"follow","max-snippet":"max-snippet:-1","max-image-preview":"max-image-preview:large","max-video-preview":"max-video-preview:-1"},"canonical":"https:\/\/hontanar.edu.ec\/en\/deportes\/","og_locale":"en_US","og_type":"article","og_title":"Deportes - Hontanar","og_description":"DEPORTES La pr\u00e1ctica deportiva en el Colegio Hontanar es un pilar fundamental para el equilibrio f\u00edsico y emocional, fomentando un estilo de vida activo y saludable desde temprana edad. A trav\u00e9s de nuestras actividades extracurriculares de f\u00fatbol y voleibol, brindamos a los estudiantes un espacio donde el esfuerzo personal se une con el poder del [&hellip;]","og_url":"https:\/\/hontanar.edu.ec\/en\/deportes\/","og_site_name":"Hontanar","article_modified_time":"2026-01-31T15:07:25+00:00","og_image":[{"width":1600,"height":1066,"url":"https:\/\/hontanar.edu.ec\/wp-content\/uploads\/2026\/01\/VOLEY.webp","type":"image\/webp"}],"twitter_card":"summary_large_image","twitter_misc":{"Est. reading time":"2 minutes"},"schema":{"@context":"https:\/\/schema.org","@graph":[{"@type":"WebPage","@id":"https:\/\/hontanar.edu.ec\/deportes\/","url":"https:\/\/hontanar.edu.ec\/deportes\/","name":"Deportes - Hontanar","isPartOf":{"@id":"https:\/\/hontanar.edu.ec\/#website"},"primaryImageOfPage":{"@id":"https:\/\/hontanar.edu.ec\/deportes\/#primaryimage"},"image":{"@id":"https:\/\/hontanar.edu.ec\/deportes\/#primaryimage"},"thumbnailUrl":"https:\/\/hontanar.edu.ec\/wp-content\/uploads\/2026\/01\/VOLEY.webp","datePublished":"2023-10-04T21:36:44+00:00","dateModified":"2026-01-31T15:07:25+00:00","breadcrumb":{"@id":"https:\/\/hontanar.edu.ec\/deportes\/#breadcrumb"},"inLanguage":"en-US","potentialAction":[{"@type":"ReadAction","target":["https:\/\/hontanar.edu.ec\/deportes\/"]}]},{"@type":"ImageObject","inLanguage":"en-US","@id":"https:\/\/hontanar.edu.ec\/deportes\/#primaryimage","url":"https:\/\/hontanar.edu.ec\/wp-content\/uploads\/2026\/01\/VOLEY.webp","contentUrl":"https:\/\/hontanar.edu.ec\/wp-content\/uploads\/2026\/01\/VOLEY.webp"},{"@type":"BreadcrumbList","@id":"https:\/\/hontanar.edu.ec\/deportes\/#breadcrumb","itemListElement":[{"@type":"ListItem","position":1,"name":"Portada","item":"https:\/\/hontanar.edu.ec\/"},{"@type":"ListItem","position":2,"name":"Deportes"}]},{"@type":"WebSite","@id":"https:\/\/hontanar.edu.ec\/#website","url":"https:\/\/hontanar.edu.ec\/","name":"Hontanar","description":"","publisher":{"@id":"https:\/\/hontanar.edu.ec\/#organization"},"potentialAction":[{"@type":"SearchAction","target":{"@type":"EntryPoint","urlTemplate":"https:\/\/hontanar.edu.ec\/?s={search_term_string}"},"query-input":{"@type":"PropertyValueSpecification","valueRequired":true,"valueName":"search_term_string"}}],"inLanguage":"en-US"},{"@type":"Organization","@id":"https:\/\/hontanar.edu.ec\/#organization","name":"Hontanar","url":"https:\/\/hontanar.edu.ec\/","logo":{"@type":"ImageObject","inLanguage":"en-US","@id":"https:\/\/hontanar.edu.ec\/#\/schema\/logo\/image\/","url":"https:\/\/hontanar.edu.ec\/wp-content\/uploads\/2023\/09\/Logo-HONTANAR-INTERNET-338X100.webp","contentUrl":"https:\/\/hontanar.edu.ec\/wp-content\/uploads\/2023\/09\/Logo-HONTANAR-INTERNET-338X100.webp","width":338,"height":100,"caption":"Hontanar"},"image":{"@id":"https:\/\/hontanar.edu.ec\/#\/schema\/logo\/image\/"}}]}},"_links":{"self":[{"href":"https:\/\/hontanar.edu.ec\/en\/wp-json\/wp\/v2\/pages\/410","targetHints":{"allow":["GET"]}}],"collection":[{"href":"https:\/\/hontanar.edu.ec\/en\/wp-json\/wp\/v2\/pages"}],"about":[{"href":"https:\/\/hontanar.edu.ec\/en\/wp-json\/wp\/v2\/types\/page"}],"author":[{"embeddable":true,"href":"https:\/\/hontanar.edu.ec\/en\/wp-json\/wp\/v2\/users\/1"}],"replies":[{"embeddable":true,"href":"https:\/\/hontanar.edu.ec\/en\/wp-json\/wp\/v2\/comments?post=410"}],"version-history":[{"count":34,"href":"https:\/\/hontanar.edu.ec\/en\/wp-json\/wp\/v2\/pages\/410\/revisions"}],"predecessor-version":[{"id":3315,"href":"https:\/\/hontanar.edu.ec\/en\/wp-json\/wp\/v2\/pages\/410\/revisions\/3315"}],"wp:attachment":[{"href":"https:\/\/hontanar.edu.ec\/en\/wp-json\/wp\/v2\/media?parent=410"}],"curies":[{"name":"wp","href":"https:\/\/api.w.org\/{rel}","templated":true}]}}