{"id":537,"date":"2023-10-05T15:06:24","date_gmt":"2023-10-05T15:06:24","guid":{"rendered":"https:\/\/hontanar.edu.ec\/?page_id=537"},"modified":"2026-01-23T18:20:46","modified_gmt":"2026-01-23T18:20:46","slug":"alumni","status":"publish","type":"page","link":"https:\/\/hontanar.edu.ec\/en\/alumni\/","title":{"rendered":"Alumni"},"content":{"rendered":"<div data-elementor-type=\"wp-page\" data-elementor-id=\"537\" class=\"elementor elementor-537\" data-elementor-post-type=\"page\">\n\t\t\t\t<div class=\"elementor-element elementor-element-6ad2004 e-flex e-con-boxed e-con e-parent\" data-id=\"6ad2004\" data-element_type=\"container\" data-settings=\"{&quot;background_background&quot;:&quot;classic&quot;}\">\n\t\t\t\t\t<div class=\"e-con-inner\">\n\t\t\t\t<div class=\"elementor-element elementor-element-d21c3fb elementor-widget elementor-widget-heading\" data-id=\"d21c3fb\" data-element_type=\"widget\" data-widget_type=\"heading.default\">\n\t\t\t\t\t<h2 class=\"elementor-heading-title elementor-size-default\">ALUMNI HONTANAR<\/h2>\t\t\t\t<\/div>\n\t\t\t\t\t<\/div>\n\t\t\t\t<\/div>\n\t\t<div class=\"elementor-element elementor-element-d5f756c e-flex e-con-boxed e-con e-parent\" data-id=\"d5f756c\" data-element_type=\"container\">\n\t\t\t\t\t<div class=\"e-con-inner\">\n\t\t<div class=\"elementor-element elementor-element-4131a14 e-flex e-con-boxed e-con e-child\" data-id=\"4131a14\" data-element_type=\"container\">\n\t\t\t\t\t<div class=\"e-con-inner\">\n\t\t\t\t<div class=\"elementor-element elementor-element-d533e81 elementor-widget elementor-widget-heading\" data-id=\"d533e81\" data-element_type=\"widget\" data-widget_type=\"heading.default\">\n\t\t\t\t\t<h2 class=\"elementor-heading-title elementor-size-default\">\u00bfTe graduaste con nosotros?<\/h2>\t\t\t\t<\/div>\n\t\t\t\t<div class=\"elementor-element elementor-element-011b8c3 elementor-widget elementor-widget-heading\" data-id=\"011b8c3\" data-element_type=\"widget\" data-widget_type=\"heading.default\">\n\t\t\t\t\t<h2 class=\"elementor-heading-title elementor-size-default\">\u00a1Queremos seguir en contacto contigo!\nPor favor, d\u00e9janos tus datos, recibir\u00e1s noticias sobre eventos, encuentros y m\u00e1s informaci\u00f3n de inter\u00e9s para ti.<\/h2>\t\t\t\t<\/div>\n\t\t\t\t<div class=\"elementor-element elementor-element-2252ed7 elementor-view-default elementor-widget elementor-widget-icon\" data-id=\"2252ed7\" data-element_type=\"widget\" data-widget_type=\"icon.default\">\n\t\t\t\t\t\t\t<div class=\"elementor-icon-wrapper\">\n\t\t\t<div class=\"elementor-icon\">\n\t\t\t<svg aria-hidden=\"true\" class=\"e-font-icon-svg e-fas-user-graduate\" viewbox=\"0 0 448 512\" xmlns=\"http:\/\/www.w3.org\/2000\/svg\"><path d=\"M319.4 320.6L224 416l-95.4-95.4C57.1 323.7 0 382.2 0 454.4v9.6c0 26.5 21.5 48 48 48h352c26.5 0 48-21.5 48-48v-9.6c0-72.2-57.1-130.7-128.6-133.8zM13.6 79.8l6.4 1.5v58.4c-7 4.2-12 11.5-12 20.3 0 8.4 4.6 15.4 11.1 19.7L3.5 242c-1.7 6.9 2.1 14 7.6 14h41.8c5.5 0 9.3-7.1 7.6-14l-15.6-62.3C51.4 175.4 56 168.4 56 160c0-8.8-5-16.1-12-20.3V87.1l66 15.9c-8.6 17.2-14 36.4-14 57 0 70.7 57.3 128 128 128s128-57.3 128-128c0-20.6-5.3-39.8-14-57l96.3-23.2c18.2-4.4 18.2-27.1 0-31.5l-190.4-46c-13-3.1-26.7-3.1-39.7 0L13.6 48.2c-18.1 4.4-18.1 27.2 0 31.6z\"><\/path><\/svg>\t\t\t<\/div>\n\t\t<\/div>\n\t\t\t\t\t\t<\/div>\n\t\t\t\t\t<\/div>\n\t\t\t\t<\/div>\n\t\t\t\t\t<\/div>\n\t\t\t\t<\/div>\n\t\t<div class=\"elementor-element elementor-element-afd384d e-flex e-con-boxed e-con e-parent\" data-id=\"afd384d\" data-element_type=\"container\">\n\t\t\t\t\t<div class=\"e-con-inner\">\n\t\t<div class=\"elementor-element elementor-element-b1313a9 e-con-full e-flex e-con e-child\" data-id=\"b1313a9\" data-element_type=\"container\" data-settings=\"{&quot;background_background&quot;:&quot;classic&quot;}\">\n\t\t\t\t<\/div>\n\t\t<div class=\"elementor-element elementor-element-96a7371 e-con-full e-flex e-con e-child\" data-id=\"96a7371\" data-element_type=\"container\">\n\t\t\t\t<div class=\"elementor-element elementor-element-1377963 elementor-widget elementor-widget-html\" data-id=\"1377963\" data-element_type=\"widget\" data-widget_type=\"html.default\">\n\t\t\t\t\t<iframe width=\"640px\" height=\"1550px\" src=\"https:\/\/forms.office.com\/r\/PQytByQJtp?embed=true&lang=es\" frameborder=\"0\" marginwidth=\"0\" marginheight=\"0\" style=\"border: none; max-width:100%; max-height:100vh; border-radius: 25px\" allowfullscreen webkitallowfullscreen mozallowfullscreen msallowfullscreen> <\/iframe>\t\t\t\t<\/div>\n\t\t\t\t<\/div>\n\t\t\t\t\t<\/div>\n\t\t\t\t<\/div>\n\t\t<div class=\"elementor-element elementor-element-8d450ba e-con-full e-flex e-con e-parent\" data-id=\"8d450ba\" data-element_type=\"container\">\n\t\t\t\t<div class=\"elementor-element elementor-element-9758567 elementor-widget elementor-widget-shortcode\" data-id=\"9758567\" data-element_type=\"widget\" data-widget_type=\"shortcode.default\">\n\t\t\t\t\t\t\t<div class=\"elementor-shortcode\">\t\t<div data-elementor-type=\"container\" data-elementor-id=\"2973\" class=\"elementor elementor-2973\" data-elementor-post-type=\"elementor_library\">\n\t\t\t\t<div class=\"elementor-element elementor-element-440e5ee e-con-full elementor-hidden-mobile e-flex e-con e-parent\" data-id=\"440e5ee\" data-element_type=\"container\" data-settings=\"{&quot;background_background&quot;:&quot;classic&quot;,&quot;shape_divider_bottom&quot;:&quot;arrow&quot;,&quot;shape_divider_bottom_negative&quot;:&quot;yes&quot;}\">\n\t\t\t\t<div class=\"elementor-shape elementor-shape-bottom\" aria-hidden=\"true\" data-negative=\"true\">\n\t\t\t<svg xmlns=\"http:\/\/www.w3.org\/2000\/svg\" viewbox=\"0 0 700 10\" preserveaspectratio=\"none\">\n\t<path class=\"elementor-shape-fill\" d=\"M360 0L350 9.9 340 0 0 0 0 10 700 10 700 0\"\/>\n<\/svg>\t\t<\/div>\n\t\t<div class=\"elementor-element elementor-element-608db6cf e-con-full e-flex e-con e-child\" data-id=\"608db6cf\" data-element_type=\"container\" data-settings=\"{&quot;background_background&quot;:&quot;classic&quot;}\">\n\t\t\t\t<div class=\"elementor-element elementor-element-629e895e premium-floating-effects-yes elementor-widget elementor-widget-image\" data-id=\"629e895e\" data-element_type=\"widget\" id=\"caja-over-verde\" data-settings=\"{&quot;premium_fe_trigger&quot;:&quot;load&quot;,&quot;premium_fe_direction&quot;:&quot;alternate&quot;,&quot;premium_fe_loop&quot;:&quot;default&quot;,&quot;premium_fe_easing&quot;:&quot;easeInOutSine&quot;}\" data-widget_type=\"image.default\">\n\t\t\t\t\t\t\t\t\t\t\t\t\t\t\t<img fetchpriority=\"high\" decoding=\"async\" width=\"740\" height=\"500\" src=\"https:\/\/hontanar.edu.ec\/wp-content\/uploads\/2025\/11\/divisor4-2.webp\" class=\"attachment-full size-full wp-image-2969\" alt=\"\" srcset=\"https:\/\/hontanar.edu.ec\/wp-content\/uploads\/2025\/11\/divisor4-2.webp 740w, https:\/\/hontanar.edu.ec\/wp-content\/uploads\/2025\/11\/divisor4-2-18x12.webp 18w\" sizes=\"(max-width: 740px) 100vw, 740px\" \/>\t\t\t\t\t\t\t\t\t\t\t\t\t\t\t<\/div>\n\t\t\t\t<\/div>\n\t\t<div class=\"elementor-element elementor-element-10dcf451 e-con-full e-flex e-con e-child\" data-id=\"10dcf451\" data-element_type=\"container\" data-settings=\"{&quot;background_background&quot;:&quot;classic&quot;}\">\n\t\t\t\t<div class=\"elementor-element elementor-element-4f0e0b3c premium-floating-effects-yes elementor-widget elementor-widget-image\" data-id=\"4f0e0b3c\" data-element_type=\"widget\" data-settings=\"{&quot;premium_fe_trigger&quot;:&quot;load&quot;,&quot;premium_fe_direction&quot;:&quot;alternate&quot;,&quot;premium_fe_loop&quot;:&quot;default&quot;,&quot;premium_fe_easing&quot;:&quot;easeInOutSine&quot;}\" data-widget_type=\"image.default\">\n\t\t\t\t\t\t\t\t\t\t\t\t\t\t\t<img decoding=\"async\" width=\"741\" height=\"501\" src=\"https:\/\/hontanar.edu.ec\/wp-content\/uploads\/2025\/11\/divisor-1.webp\" class=\"attachment-full size-full wp-image-3137\" alt=\"\" srcset=\"https:\/\/hontanar.edu.ec\/wp-content\/uploads\/2025\/11\/divisor-1.webp 741w, https:\/\/hontanar.edu.ec\/wp-content\/uploads\/2025\/11\/divisor-1-18x12.webp 18w\" sizes=\"(max-width: 741px) 100vw, 741px\" \/>\t\t\t\t\t\t\t\t\t\t\t\t\t\t\t<\/div>\n\t\t\t\t<\/div>\n\t\t<div class=\"elementor-element elementor-element-797bd6af e-con-full e-flex e-con e-child\" data-id=\"797bd6af\" data-element_type=\"container\" data-settings=\"{&quot;background_background&quot;:&quot;classic&quot;}\">\n\t\t\t\t<div class=\"elementor-element elementor-element-15310732 premium-floating-effects-yes elementor-widget elementor-widget-image\" data-id=\"15310732\" data-element_type=\"widget\" data-settings=\"{&quot;premium_fe_trigger&quot;:&quot;load&quot;,&quot;premium_fe_direction&quot;:&quot;alternate&quot;,&quot;premium_fe_loop&quot;:&quot;default&quot;,&quot;premium_fe_easing&quot;:&quot;easeInOutSine&quot;}\" data-widget_type=\"image.default\">\n\t\t\t\t\t\t\t\t\t\t\t\t\t\t\t<img decoding=\"async\" width=\"740\" height=\"500\" src=\"https:\/\/hontanar.edu.ec\/wp-content\/uploads\/2025\/11\/divisor2.webp\" class=\"attachment-full size-full wp-image-2887\" alt=\"\" srcset=\"https:\/\/hontanar.edu.ec\/wp-content\/uploads\/2025\/11\/divisor2.webp 740w, https:\/\/hontanar.edu.ec\/wp-content\/uploads\/2025\/11\/divisor2-18x12.webp 18w\" sizes=\"(max-width: 740px) 100vw, 740px\" \/>\t\t\t\t\t\t\t\t\t\t\t\t\t\t\t<\/div>\n\t\t\t\t<\/div>\n\t\t<div class=\"elementor-element elementor-element-6a25dcd e-con-full e-flex e-con e-child\" data-id=\"6a25dcd\" data-element_type=\"container\" data-settings=\"{&quot;background_background&quot;:&quot;classic&quot;}\">\n\t\t\t\t<div class=\"elementor-element elementor-element-602b68b2 premium-floating-effects-yes elementor-widget elementor-widget-image\" data-id=\"602b68b2\" data-element_type=\"widget\" data-settings=\"{&quot;premium_fe_trigger&quot;:&quot;load&quot;,&quot;premium_fe_direction&quot;:&quot;alternate&quot;,&quot;premium_fe_loop&quot;:&quot;default&quot;,&quot;premium_fe_easing&quot;:&quot;easeInOutSine&quot;}\" data-widget_type=\"image.default\">\n\t\t\t\t\t\t\t\t\t\t\t\t\t\t\t<img loading=\"lazy\" decoding=\"async\" width=\"741\" height=\"501\" src=\"https:\/\/hontanar.edu.ec\/wp-content\/uploads\/2025\/11\/carreteBachillerato2.webp\" class=\"attachment-full size-full wp-image-3235\" alt=\"\" srcset=\"https:\/\/hontanar.edu.ec\/wp-content\/uploads\/2025\/11\/carreteBachillerato2.webp 741w, https:\/\/hontanar.edu.ec\/wp-content\/uploads\/2025\/11\/carreteBachillerato2-18x12.webp 18w\" sizes=\"(max-width: 741px) 100vw, 741px\" \/>\t\t\t\t\t\t\t\t\t\t\t\t\t\t\t<\/div>\n\t\t\t\t<\/div>\n\t\t\t\t<\/div>\n\t\t\t\t<\/div>\n\t\t<\/div>\n\t\t\t\t\t\t<\/div>\n\t\t\t\t<\/div>\n\t\t\t\t<\/div>","protected":false},"excerpt":{"rendered":"<p>ALUMNI HONTANAR \u00bfTe graduaste con nosotros? \u00a1Queremos seguir en contacto contigo! Por favor, d\u00e9janos tus datos, recibir\u00e1s noticias sobre eventos, encuentros y m\u00e1s informaci\u00f3n de inter\u00e9s para ti.<\/p>","protected":false},"author":1,"featured_media":0,"parent":0,"menu_order":0,"comment_status":"closed","ping_status":"closed","template":"","meta":{"footnotes":""},"class_list":["post-537","page","type-page","status-publish","hentry"],"yoast_head":"<!-- This site is optimized with the Yoast SEO plugin v27.3 - https:\/\/yoast.com\/product\/yoast-seo-wordpress\/ -->\n<title>Alumni - Hontanar<\/title>\n<meta name=\"robots\" content=\"index, follow, max-snippet:-1, max-image-preview:large, max-video-preview:-1\" \/>\n<link rel=\"canonical\" href=\"https:\/\/hontanar.edu.ec\/en\/alumni\/\" \/>\n<meta property=\"og:locale\" content=\"en_US\" \/>\n<meta property=\"og:type\" content=\"article\" \/>\n<meta property=\"og:title\" content=\"Alumni - Hontanar\" \/>\n<meta property=\"og:description\" content=\"ALUMNI HONTANAR \u00bfTe graduaste con nosotros? \u00a1Queremos seguir en contacto contigo! Por favor, d\u00e9janos tus datos, recibir\u00e1s noticias sobre eventos, encuentros y m\u00e1s informaci\u00f3n de inter\u00e9s para ti.\" \/>\n<meta property=\"og:url\" content=\"https:\/\/hontanar.edu.ec\/en\/alumni\/\" \/>\n<meta property=\"og:site_name\" content=\"Hontanar\" \/>\n<meta property=\"article:modified_time\" content=\"2026-01-23T18:20:46+00:00\" \/>\n<meta name=\"twitter:card\" content=\"summary_large_image\" \/>\n<meta name=\"twitter:label1\" content=\"Est. reading time\" \/>\n\t<meta name=\"twitter:data1\" content=\"1 minute\" \/>\n<script type=\"application\/ld+json\" class=\"yoast-schema-graph\">{\"@context\":\"https:\\\/\\\/schema.org\",\"@graph\":[{\"@type\":\"WebPage\",\"@id\":\"https:\\\/\\\/hontanar.edu.ec\\\/alumni\\\/\",\"url\":\"https:\\\/\\\/hontanar.edu.ec\\\/alumni\\\/\",\"name\":\"Alumni - Hontanar\",\"isPartOf\":{\"@id\":\"https:\\\/\\\/hontanar.edu.ec\\\/#website\"},\"datePublished\":\"2023-10-05T15:06:24+00:00\",\"dateModified\":\"2026-01-23T18:20:46+00:00\",\"breadcrumb\":{\"@id\":\"https:\\\/\\\/hontanar.edu.ec\\\/alumni\\\/#breadcrumb\"},\"inLanguage\":\"en-US\",\"potentialAction\":[{\"@type\":\"ReadAction\",\"target\":[\"https:\\\/\\\/hontanar.edu.ec\\\/alumni\\\/\"]}]},{\"@type\":\"BreadcrumbList\",\"@id\":\"https:\\\/\\\/hontanar.edu.ec\\\/alumni\\\/#breadcrumb\",\"itemListElement\":[{\"@type\":\"ListItem\",\"position\":1,\"name\":\"Portada\",\"item\":\"https:\\\/\\\/hontanar.edu.ec\\\/\"},{\"@type\":\"ListItem\",\"position\":2,\"name\":\"Alumni\"}]},{\"@type\":\"WebSite\",\"@id\":\"https:\\\/\\\/hontanar.edu.ec\\\/#website\",\"url\":\"https:\\\/\\\/hontanar.edu.ec\\\/\",\"name\":\"Hontanar\",\"description\":\"\",\"publisher\":{\"@id\":\"https:\\\/\\\/hontanar.edu.ec\\\/#organization\"},\"potentialAction\":[{\"@type\":\"SearchAction\",\"target\":{\"@type\":\"EntryPoint\",\"urlTemplate\":\"https:\\\/\\\/hontanar.edu.ec\\\/?s={search_term_string}\"},\"query-input\":{\"@type\":\"PropertyValueSpecification\",\"valueRequired\":true,\"valueName\":\"search_term_string\"}}],\"inLanguage\":\"en-US\"},{\"@type\":\"Organization\",\"@id\":\"https:\\\/\\\/hontanar.edu.ec\\\/#organization\",\"name\":\"Hontanar\",\"url\":\"https:\\\/\\\/hontanar.edu.ec\\\/\",\"logo\":{\"@type\":\"ImageObject\",\"inLanguage\":\"en-US\",\"@id\":\"https:\\\/\\\/hontanar.edu.ec\\\/#\\\/schema\\\/logo\\\/image\\\/\",\"url\":\"https:\\\/\\\/hontanar.edu.ec\\\/wp-content\\\/uploads\\\/2023\\\/09\\\/Logo-HONTANAR-INTERNET-338X100.webp\",\"contentUrl\":\"https:\\\/\\\/hontanar.edu.ec\\\/wp-content\\\/uploads\\\/2023\\\/09\\\/Logo-HONTANAR-INTERNET-338X100.webp\",\"width\":338,\"height\":100,\"caption\":\"Hontanar\"},\"image\":{\"@id\":\"https:\\\/\\\/hontanar.edu.ec\\\/#\\\/schema\\\/logo\\\/image\\\/\"}}]}<\/script>\n<!-- \/ Yoast SEO plugin. -->","yoast_head_json":{"title":"Alumni - Hontanar","robots":{"index":"index","follow":"follow","max-snippet":"max-snippet:-1","max-image-preview":"max-image-preview:large","max-video-preview":"max-video-preview:-1"},"canonical":"https:\/\/hontanar.edu.ec\/en\/alumni\/","og_locale":"en_US","og_type":"article","og_title":"Alumni - Hontanar","og_description":"ALUMNI HONTANAR \u00bfTe graduaste con nosotros? \u00a1Queremos seguir en contacto contigo! Por favor, d\u00e9janos tus datos, recibir\u00e1s noticias sobre eventos, encuentros y m\u00e1s informaci\u00f3n de inter\u00e9s para ti.","og_url":"https:\/\/hontanar.edu.ec\/en\/alumni\/","og_site_name":"Hontanar","article_modified_time":"2026-01-23T18:20:46+00:00","twitter_card":"summary_large_image","twitter_misc":{"Est. reading time":"1 minute"},"schema":{"@context":"https:\/\/schema.org","@graph":[{"@type":"WebPage","@id":"https:\/\/hontanar.edu.ec\/alumni\/","url":"https:\/\/hontanar.edu.ec\/alumni\/","name":"Alumni - Hontanar","isPartOf":{"@id":"https:\/\/hontanar.edu.ec\/#website"},"datePublished":"2023-10-05T15:06:24+00:00","dateModified":"2026-01-23T18:20:46+00:00","breadcrumb":{"@id":"https:\/\/hontanar.edu.ec\/alumni\/#breadcrumb"},"inLanguage":"en-US","potentialAction":[{"@type":"ReadAction","target":["https:\/\/hontanar.edu.ec\/alumni\/"]}]},{"@type":"BreadcrumbList","@id":"https:\/\/hontanar.edu.ec\/alumni\/#breadcrumb","itemListElement":[{"@type":"ListItem","position":1,"name":"Portada","item":"https:\/\/hontanar.edu.ec\/"},{"@type":"ListItem","position":2,"name":"Alumni"}]},{"@type":"WebSite","@id":"https:\/\/hontanar.edu.ec\/#website","url":"https:\/\/hontanar.edu.ec\/","name":"Hontanar","description":"","publisher":{"@id":"https:\/\/hontanar.edu.ec\/#organization"},"potentialAction":[{"@type":"SearchAction","target":{"@type":"EntryPoint","urlTemplate":"https:\/\/hontanar.edu.ec\/?s={search_term_string}"},"query-input":{"@type":"PropertyValueSpecification","valueRequired":true,"valueName":"search_term_string"}}],"inLanguage":"en-US"},{"@type":"Organization","@id":"https:\/\/hontanar.edu.ec\/#organization","name":"Hontanar","url":"https:\/\/hontanar.edu.ec\/","logo":{"@type":"ImageObject","inLanguage":"en-US","@id":"https:\/\/hontanar.edu.ec\/#\/schema\/logo\/image\/","url":"https:\/\/hontanar.edu.ec\/wp-content\/uploads\/2023\/09\/Logo-HONTANAR-INTERNET-338X100.webp","contentUrl":"https:\/\/hontanar.edu.ec\/wp-content\/uploads\/2023\/09\/Logo-HONTANAR-INTERNET-338X100.webp","width":338,"height":100,"caption":"Hontanar"},"image":{"@id":"https:\/\/hontanar.edu.ec\/#\/schema\/logo\/image\/"}}]}},"_links":{"self":[{"href":"https:\/\/hontanar.edu.ec\/en\/wp-json\/wp\/v2\/pages\/537","targetHints":{"allow":["GET"]}}],"collection":[{"href":"https:\/\/hontanar.edu.ec\/en\/wp-json\/wp\/v2\/pages"}],"about":[{"href":"https:\/\/hontanar.edu.ec\/en\/wp-json\/wp\/v2\/types\/page"}],"author":[{"embeddable":true,"href":"https:\/\/hontanar.edu.ec\/en\/wp-json\/wp\/v2\/users\/1"}],"replies":[{"embeddable":true,"href":"https:\/\/hontanar.edu.ec\/en\/wp-json\/wp\/v2\/comments?post=537"}],"version-history":[{"count":46,"href":"https:\/\/hontanar.edu.ec\/en\/wp-json\/wp\/v2\/pages\/537\/revisions"}],"predecessor-version":[{"id":3156,"href":"https:\/\/hontanar.edu.ec\/en\/wp-json\/wp\/v2\/pages\/537\/revisions\/3156"}],"wp:attachment":[{"href":"https:\/\/hontanar.edu.ec\/en\/wp-json\/wp\/v2\/media?parent=537"}],"curies":[{"name":"wp","href":"https:\/\/api.w.org\/{rel}","templated":true}]}}